{"id":3310,"date":"2023-08-24T11:18:18","date_gmt":"2023-08-24T15:18:18","guid":{"rendered":"https:\/\/oliva.capital\/?page_id=3310"},"modified":"2025-06-04T13:42:46","modified_gmt":"2025-06-04T17:42:46","slug":"carrera","status":"publish","type":"page","link":"https:\/\/oliva.capital\/es\/carrera\/","title":{"rendered":"Carrera"},"content":{"rendered":"\n<div class=\"wp-block-group alignfull\"><div class=\"wp-block-group__inner-container is-layout-constrained wp-block-group-is-layout-constrained\">\n<div class=\"wp-block-group\"><div class=\"wp-block-group__inner-container is-layout-constrained wp-block-group-is-layout-constrained\">\n<div style=\"height:150px\" aria-hidden=\"true\" class=\"wp-block-spacer\"><\/div>\n\n\n\n<div class=\"wp-block-columns is-layout-flex wp-container-core-columns-is-layout-9d6595d7 wp-block-columns-is-layout-flex\">\n<div class=\"wp-block-column is-layout-flow wp-block-column-is-layout-flow\"><div class=\"wp-block-image\">\n<figure class=\"alignright size-large is-resized\"><img loading=\"lazy\" decoding=\"async\" width=\"1024\" height=\"858\" src=\"https:\/\/oliva.capital\/wp-content\/uploads\/2023\/08\/3-1024x858.png\" alt=\"\" class=\"wp-image-3311\" style=\"width:410px;height:343px\" srcset=\"https:\/\/oliva.capital\/wp-content\/uploads\/2023\/08\/3-1024x858.png 1024w, https:\/\/oliva.capital\/wp-content\/uploads\/2023\/08\/3-300x251.png 300w, https:\/\/oliva.capital\/wp-content\/uploads\/2023\/08\/3-768x644.png 768w, https:\/\/oliva.capital\/wp-content\/uploads\/2023\/08\/3-1536x1288.png 1536w, https:\/\/oliva.capital\/wp-content\/uploads\/2023\/08\/3.png 1880w\" sizes=\"auto, (max-width: 1024px) 100vw, 1024px\" \/><\/figure>\n<\/div><\/div>\n\n\n\n<div class=\"wp-block-column is-layout-flow wp-block-column-is-layout-flow\" style=\"flex-basis:60%\">\n<h2 class=\"wp-block-heading\">Te estamos esperando<mark style=\"background-color:rgba(0, 0, 0, 0)\" class=\"has-inline-color has-color-4-color\">.<\/mark><\/h2>\n\n\n\n<p>\u00bfTe gustar\u00eda <strong>evolucionar como parte de un equipo<\/strong>, <strong>atreverte a innovar<\/strong>, disfrutar con el reto e <strong>invertir con pasi\u00f3n<\/strong>? Estamos orgullosos de aprovechar el potencial de cada uno y combinar nuestros talentos \u00fanicos para alcanzar objetivos comunes. Invertimos colectivamente con autenticidad, franqueza y, sobre todo, sentido del humor, para poder crecer juntos.<\/p>\n\n\n\n<p>Si quieres trabajar en un entorno en el que se valoran la diversi\u00f3n y la autonom\u00eda, no esperes m\u00e1s para enviarnos tu candidatura.<\/p>\n\n\n\n<div style=\"height:47px\" aria-hidden=\"true\" class=\"wp-block-spacer\"><\/div>\n\n\n\n<div class=\"wp-block-buttons is-content-justification-right is-layout-flex wp-container-core-buttons-is-layout-765c4724 wp-block-buttons-is-layout-flex\">\n<div class=\"wp-block-button\"><a class=\"wp-block-button__link wp-element-button\" href=\"https:\/\/carriere.oliva.capital\/\" target=\"_blank\" rel=\"noreferrer noopener\">Ver ofertas<\/a><\/div>\n<\/div>\n<\/div>\n<\/div>\n<\/div><\/div>\n<\/div><\/div>\n\n\n\n<div style=\"height:100px\" aria-hidden=\"true\" class=\"wp-block-spacer\"><\/div>\n\n\n\n<div class=\"wp-block-group alignfull has-color-6-color has-color-1-background-color has-text-color has-background\"><div class=\"wp-block-group__inner-container is-layout-constrained wp-block-group-is-layout-constrained\">\n<div class=\"wp-block-group alignfull has-color-6-color has-color-1-background-color has-text-color has-background\"><div class=\"wp-block-group__inner-container is-layout-constrained wp-block-group-is-layout-constrained\">\n<div class=\"wp-block-media-text has-media-on-the-right is-stacked-on-mobile is-vertically-aligned-center\" style=\"grid-template-columns:auto 41%\"><div class=\"wp-block-media-text__content\">\n<div style=\"height:100px\" aria-hidden=\"true\" class=\"wp-block-spacer\"><\/div>\n\n\n\n<h2 class=\"wp-block-heading\"><mark style=\"background-color:rgba(0, 0, 0, 0)\" class=\"has-inline-color has-color-6-color\">Fortaleza del ecosistema<\/mark><mark style=\"background-color:rgba(0, 0, 0, 0)\" class=\"has-inline-color has-color-4-color\">.<\/mark><\/h2>\n\n\n\n<div style=\"height:0px\" aria-hidden=\"true\" class=\"wp-block-spacer\"><\/div>\n\n\n\n<p>Con m\u00e1s de 900 personas en su ecosistema, Oliva Capital siempre est\u00e1 buscando el mejor talento para unirse a una de sus empresas. Inf\u00f3rmate sobre las ofertas de empleo y las posibles oportunidades para unirte a nuestra familia.<\/p>\n\n\n\n<div class=\"wp-block-buttons is-content-justification-right is-layout-flex wp-container-core-buttons-is-layout-765c4724 wp-block-buttons-is-layout-flex\">\n<div class=\"wp-block-button\"><a class=\"wp-block-button__link has-color-1-color has-color-4-background-color has-text-color has-background wp-element-button\" href=\"https:\/\/carriere.oliva.capital\/\" target=\"_blank\" rel=\"noreferrer noopener\">Ver ofertas<\/a><\/div>\n<\/div>\n<\/div><figure class=\"wp-block-media-text__media\"><img loading=\"lazy\" decoding=\"async\" width=\"1024\" height=\"1024\" src=\"https:\/\/oliva.capital\/wp-content\/uploads\/2023\/12\/VOIPMS-1024x1024.png\" alt=\"\" class=\"wp-image-3507 size-full\" srcset=\"https:\/\/oliva.capital\/wp-content\/uploads\/2023\/12\/VOIPMS-1024x1024.png 1024w, https:\/\/oliva.capital\/wp-content\/uploads\/2023\/12\/VOIPMS-300x300.png 300w, https:\/\/oliva.capital\/wp-content\/uploads\/2023\/12\/VOIPMS-150x150.png 150w, https:\/\/oliva.capital\/wp-content\/uploads\/2023\/12\/VOIPMS-768x768.png 768w, https:\/\/oliva.capital\/wp-content\/uploads\/2023\/12\/VOIPMS-1536x1536.png 1536w, https:\/\/oliva.capital\/wp-content\/uploads\/2023\/12\/VOIPMS-2048x2048.png 2048w\" sizes=\"auto, (max-width: 1024px) 100vw, 1024px\" \/><\/figure><\/div>\n\n\n\n<div style=\"height:70px\" aria-hidden=\"true\" class=\"wp-block-spacer\"><\/div>\n<\/div><\/div>\n<\/div><\/div>\n\n\n\n<div style=\"height:100px\" aria-hidden=\"true\" class=\"wp-block-spacer\"><\/div>\n\n\n\n<div class=\"wp-block-group\"><div class=\"wp-block-group__inner-container is-layout-constrained wp-block-group-is-layout-constrained\">\n<figure class=\"wp-block-gallery has-nested-images columns-5 is-cropped wp-block-gallery-3 is-layout-flex wp-block-gallery-is-layout-flex\">\n<figure class=\"wp-block-image size-large\"><img loading=\"lazy\" decoding=\"async\" width=\"1880\" height=\"1576\" data-id=\"3314\" src=\"https:\/\/oliva.capital\/wp-content\/uploads\/2023\/08\/8-1024x858.png\" alt=\"\" class=\"wp-image-3314\" srcset=\"https:\/\/oliva.capital\/wp-content\/uploads\/2023\/08\/8-1024x858.png 1024w, https:\/\/oliva.capital\/wp-content\/uploads\/2023\/08\/8-300x251.png 300w, https:\/\/oliva.capital\/wp-content\/uploads\/2023\/08\/8-768x644.png 768w, https:\/\/oliva.capital\/wp-content\/uploads\/2023\/08\/8-1536x1288.png 1536w, https:\/\/oliva.capital\/wp-content\/uploads\/2023\/08\/8.png 1880w\" sizes=\"auto, (max-width: 1880px) 100vw, 1880px\" \/><\/figure>\n\n\n\n<figure class=\"wp-block-image size-large is-style-default wp-duotone-17182a-fff-1\"><img loading=\"lazy\" decoding=\"async\" width=\"1024\" height=\"683\" data-id=\"3118\" src=\"https:\/\/oliva.capital\/wp-content\/uploads\/2023\/07\/bureau5-1-1024x683.jpg\" alt=\"\" class=\"wp-image-3118\" srcset=\"https:\/\/oliva.capital\/wp-content\/uploads\/2023\/07\/bureau5-1-1024x683.jpg 1024w, https:\/\/oliva.capital\/wp-content\/uploads\/2023\/07\/bureau5-1-300x200.jpg 300w, https:\/\/oliva.capital\/wp-content\/uploads\/2023\/07\/bureau5-1-768x512.jpg 768w, https:\/\/oliva.capital\/wp-content\/uploads\/2023\/07\/bureau5-1-1536x1024.jpg 1536w, https:\/\/oliva.capital\/wp-content\/uploads\/2023\/07\/bureau5-1-2048x1365.jpg 2048w\" sizes=\"auto, (max-width: 1024px) 100vw, 1024px\" \/><\/figure>\n\n\n\n<figure class=\"wp-block-image size-large\"><img loading=\"lazy\" decoding=\"async\" width=\"1024\" height=\"858\" data-id=\"3317\" src=\"https:\/\/oliva.capital\/wp-content\/uploads\/2023\/08\/11-1024x858.png\" alt=\"\" class=\"wp-image-3317\" srcset=\"https:\/\/oliva.capital\/wp-content\/uploads\/2023\/08\/11-1024x858.png 1024w, https:\/\/oliva.capital\/wp-content\/uploads\/2023\/08\/11-300x251.png 300w, https:\/\/oliva.capital\/wp-content\/uploads\/2023\/08\/11-768x644.png 768w, https:\/\/oliva.capital\/wp-content\/uploads\/2023\/08\/11-1536x1288.png 1536w, https:\/\/oliva.capital\/wp-content\/uploads\/2023\/08\/11.png 1880w\" sizes=\"auto, (max-width: 1024px) 100vw, 1024px\" \/><\/figure>\n\n\n\n<figure class=\"wp-block-image size-large wp-duotone-17182a-fff-2\"><img loading=\"lazy\" decoding=\"async\" width=\"1024\" height=\"683\" data-id=\"3169\" src=\"https:\/\/oliva.capital\/wp-content\/uploads\/2023\/07\/DSC04305-1024x683.jpg\" alt=\"\" class=\"wp-image-3169\" srcset=\"https:\/\/oliva.capital\/wp-content\/uploads\/2023\/07\/DSC04305-1024x683.jpg 1024w, https:\/\/oliva.capital\/wp-content\/uploads\/2023\/07\/DSC04305-300x200.jpg 300w, https:\/\/oliva.capital\/wp-content\/uploads\/2023\/07\/DSC04305-768x512.jpg 768w, https:\/\/oliva.capital\/wp-content\/uploads\/2023\/07\/DSC04305-1536x1024.jpg 1536w, https:\/\/oliva.capital\/wp-content\/uploads\/2023\/07\/DSC04305.jpg 2048w\" sizes=\"auto, (max-width: 1024px) 100vw, 1024px\" \/><\/figure>\n\n\n\n<figure class=\"wp-block-image size-large\"><img loading=\"lazy\" decoding=\"async\" width=\"1024\" height=\"858\" data-id=\"3320\" src=\"https:\/\/oliva.capital\/wp-content\/uploads\/2023\/08\/14-1024x858.png\" alt=\"\" class=\"wp-image-3320\" srcset=\"https:\/\/oliva.capital\/wp-content\/uploads\/2023\/08\/14-1024x858.png 1024w, https:\/\/oliva.capital\/wp-content\/uploads\/2023\/08\/14-300x251.png 300w, https:\/\/oliva.capital\/wp-content\/uploads\/2023\/08\/14-768x644.png 768w, https:\/\/oliva.capital\/wp-content\/uploads\/2023\/08\/14-1536x1288.png 1536w, https:\/\/oliva.capital\/wp-content\/uploads\/2023\/08\/14.png 1880w\" sizes=\"auto, (max-width: 1024px) 100vw, 1024px\" \/><\/figure>\n<\/figure>\n\n\n\n<div style=\"height:8px\" aria-hidden=\"true\" class=\"wp-block-spacer\"><\/div>\n\n\n\n<figure class=\"wp-block-gallery has-nested-images columns-5 is-cropped wp-block-gallery-7 is-layout-flex wp-block-gallery-is-layout-flex\">\n<figure class=\"wp-block-image size-large wp-duotone-17182a-fff-4\"><img loading=\"lazy\" decoding=\"async\" width=\"1024\" height=\"683\" data-id=\"3172\" src=\"https:\/\/oliva.capital\/wp-content\/uploads\/2023\/07\/Julien-115-1024x683.jpg\" alt=\"\" class=\"wp-image-3172\" srcset=\"https:\/\/oliva.capital\/wp-content\/uploads\/2023\/07\/Julien-115-1024x683.jpg 1024w, https:\/\/oliva.capital\/wp-content\/uploads\/2023\/07\/Julien-115-300x200.jpg 300w, https:\/\/oliva.capital\/wp-content\/uploads\/2023\/07\/Julien-115-768x512.jpg 768w, https:\/\/oliva.capital\/wp-content\/uploads\/2023\/07\/Julien-115-1536x1024.jpg 1536w, https:\/\/oliva.capital\/wp-content\/uploads\/2023\/07\/Julien-115.jpg 2048w\" sizes=\"auto, (max-width: 1024px) 100vw, 1024px\" \/><\/figure>\n\n\n\n<figure class=\"wp-block-image size-large is-style-default\"><img loading=\"lazy\" decoding=\"async\" width=\"1024\" height=\"858\" data-id=\"3329\" src=\"https:\/\/oliva.capital\/wp-content\/uploads\/2023\/08\/23-1024x858.png\" alt=\"\" class=\"wp-image-3329\" srcset=\"https:\/\/oliva.capital\/wp-content\/uploads\/2023\/08\/23-1024x858.png 1024w, https:\/\/oliva.capital\/wp-content\/uploads\/2023\/08\/23-300x251.png 300w, https:\/\/oliva.capital\/wp-content\/uploads\/2023\/08\/23-768x644.png 768w, https:\/\/oliva.capital\/wp-content\/uploads\/2023\/08\/23-1536x1288.png 1536w, https:\/\/oliva.capital\/wp-content\/uploads\/2023\/08\/23.png 1880w\" sizes=\"auto, (max-width: 1024px) 100vw, 1024px\" \/><\/figure>\n\n\n\n<figure class=\"wp-block-image size-large wp-duotone-17182a-fff-5\"><img loading=\"lazy\" decoding=\"async\" width=\"1024\" height=\"683\" data-id=\"3175\" src=\"https:\/\/oliva.capital\/wp-content\/uploads\/2023\/07\/bureau1-1024x683.jpg\" alt=\"\" class=\"wp-image-3175\" srcset=\"https:\/\/oliva.capital\/wp-content\/uploads\/2023\/07\/bureau1-1024x683.jpg 1024w, https:\/\/oliva.capital\/wp-content\/uploads\/2023\/07\/bureau1-300x200.jpg 300w, https:\/\/oliva.capital\/wp-content\/uploads\/2023\/07\/bureau1-768x512.jpg 768w, https:\/\/oliva.capital\/wp-content\/uploads\/2023\/07\/bureau1-1536x1024.jpg 1536w, https:\/\/oliva.capital\/wp-content\/uploads\/2023\/07\/bureau1-2048x1365.jpg 2048w\" sizes=\"auto, (max-width: 1024px) 100vw, 1024px\" \/><\/figure>\n\n\n\n<figure class=\"wp-block-image size-large\"><img loading=\"lazy\" decoding=\"async\" width=\"1024\" height=\"858\" data-id=\"3326\" src=\"https:\/\/oliva.capital\/wp-content\/uploads\/2023\/08\/20-1024x858.png\" alt=\"\" class=\"wp-image-3326\" srcset=\"https:\/\/oliva.capital\/wp-content\/uploads\/2023\/08\/20-1024x858.png 1024w, https:\/\/oliva.capital\/wp-content\/uploads\/2023\/08\/20-300x251.png 300w, https:\/\/oliva.capital\/wp-content\/uploads\/2023\/08\/20-768x644.png 768w, https:\/\/oliva.capital\/wp-content\/uploads\/2023\/08\/20-1536x1288.png 1536w, https:\/\/oliva.capital\/wp-content\/uploads\/2023\/08\/20.png 1880w\" sizes=\"auto, (max-width: 1024px) 100vw, 1024px\" \/><\/figure>\n\n\n\n<figure class=\"wp-block-image size-large wp-duotone-17182a-fff-6\"><img loading=\"lazy\" decoding=\"async\" width=\"1024\" height=\"683\" data-id=\"3178\" src=\"https:\/\/oliva.capital\/wp-content\/uploads\/2023\/07\/olivafiesta-44-1024x683.jpg\" alt=\"\" class=\"wp-image-3178\" srcset=\"https:\/\/oliva.capital\/wp-content\/uploads\/2023\/07\/olivafiesta-44-1024x683.jpg 1024w, https:\/\/oliva.capital\/wp-content\/uploads\/2023\/07\/olivafiesta-44-300x200.jpg 300w, https:\/\/oliva.capital\/wp-content\/uploads\/2023\/07\/olivafiesta-44-768x512.jpg 768w, https:\/\/oliva.capital\/wp-content\/uploads\/2023\/07\/olivafiesta-44-1536x1024.jpg 1536w, https:\/\/oliva.capital\/wp-content\/uploads\/2023\/07\/olivafiesta-44.jpg 2048w\" sizes=\"auto, (max-width: 1024px) 100vw, 1024px\" \/><\/figure>\n<\/figure>\n<\/div><\/div>\n\n\n\n<div style=\"height:228px\" aria-hidden=\"true\" class=\"wp-block-spacer\"><\/div>\n","protected":false},"excerpt":{"rendered":"<p>Te estamos esperando. \u00bfTe gustar\u00eda evolucionar como parte de un equipo, atreverte a innovar, disfrutar con el reto e invertir con pasi\u00f3n? Estamos orgullosos de aprovechar el potencial de cada uno y combinar nuestros talentos \u00fanicos para alcanzar objetivos comunes. Invertimos colectivamente con autenticidad, franqueza y, sobre todo, sentido del humor, para poder crecer juntos. [&hellip;]<\/p>\n","protected":false},"author":6,"featured_media":0,"parent":0,"menu_order":0,"comment_status":"closed","ping_status":"closed","template":"","meta":{"_acf_changed":false,"footnotes":""},"class_list":["post-3310","page","type-page","status-publish","hentry"],"acf":[],"yoast_head":"<!-- This site is optimized with the Yoast SEO plugin v27.4 - https:\/\/yoast.com\/product\/yoast-seo-wordpress\/ -->\n<title>Carrera - Oliva Capital<\/title>\n<meta name=\"robots\" content=\"index, follow, max-snippet:-1, max-image-preview:large, max-video-preview:-1\" \/>\n<link rel=\"canonical\" href=\"https:\/\/oliva.capital\/es\/carrera\/\" \/>\n<meta property=\"og:locale\" content=\"es_ES\" \/>\n<meta property=\"og:type\" content=\"article\" \/>\n<meta property=\"og:title\" content=\"Carrera - Oliva Capital\" \/>\n<meta property=\"og:description\" content=\"Te estamos esperando. \u00bfTe gustar\u00eda evolucionar como parte de un equipo, atreverte a innovar, disfrutar con el reto e invertir con pasi\u00f3n? Estamos orgullosos de aprovechar el potencial de cada uno y combinar nuestros talentos \u00fanicos para alcanzar objetivos comunes. Invertimos colectivamente con autenticidad, franqueza y, sobre todo, sentido del humor, para poder crecer juntos. [&hellip;]\" \/>\n<meta property=\"og:url\" content=\"https:\/\/oliva.capital\/es\/carrera\/\" \/>\n<meta property=\"og:site_name\" content=\"Oliva Capital\" \/>\n<meta property=\"article:modified_time\" content=\"2025-06-04T17:42:46+00:00\" \/>\n<meta property=\"og:image\" content=\"https:\/\/oliva.capital\/wp-content\/uploads\/2023\/08\/3.png\" \/>\n\t<meta property=\"og:image:width\" content=\"1880\" \/>\n\t<meta property=\"og:image:height\" content=\"1576\" \/>\n\t<meta property=\"og:image:type\" content=\"image\/png\" \/>\n<meta name=\"twitter:card\" content=\"summary_large_image\" \/>\n<meta name=\"twitter:label1\" content=\"Tiempo de lectura\" \/>\n\t<meta name=\"twitter:data1\" content=\"4 minutos\" \/>\n<script type=\"application\/ld+json\" class=\"yoast-schema-graph\">{\"@context\":\"https:\\\/\\\/schema.org\",\"@graph\":[{\"@type\":\"WebPage\",\"@id\":\"https:\\\/\\\/oliva.capital\\\/es\\\/carrera\\\/\",\"url\":\"https:\\\/\\\/oliva.capital\\\/es\\\/carrera\\\/\",\"name\":\"Carrera - Oliva Capital\",\"isPartOf\":{\"@id\":\"https:\\\/\\\/oliva.capital\\\/#website\"},\"primaryImageOfPage\":{\"@id\":\"https:\\\/\\\/oliva.capital\\\/es\\\/carrera\\\/#primaryimage\"},\"image\":{\"@id\":\"https:\\\/\\\/oliva.capital\\\/es\\\/carrera\\\/#primaryimage\"},\"thumbnailUrl\":\"https:\\\/\\\/oliva.capital\\\/wp-content\\\/uploads\\\/2023\\\/08\\\/3-1024x858.png\",\"datePublished\":\"2023-08-24T15:18:18+00:00\",\"dateModified\":\"2025-06-04T17:42:46+00:00\",\"breadcrumb\":{\"@id\":\"https:\\\/\\\/oliva.capital\\\/es\\\/carrera\\\/#breadcrumb\"},\"inLanguage\":\"es\",\"potentialAction\":[{\"@type\":\"ReadAction\",\"target\":[\"https:\\\/\\\/oliva.capital\\\/es\\\/carrera\\\/\"]}]},{\"@type\":\"ImageObject\",\"inLanguage\":\"es\",\"@id\":\"https:\\\/\\\/oliva.capital\\\/es\\\/carrera\\\/#primaryimage\",\"url\":\"https:\\\/\\\/oliva.capital\\\/wp-content\\\/uploads\\\/2023\\\/08\\\/3-1024x858.png\",\"contentUrl\":\"https:\\\/\\\/oliva.capital\\\/wp-content\\\/uploads\\\/2023\\\/08\\\/3-1024x858.png\"},{\"@type\":\"BreadcrumbList\",\"@id\":\"https:\\\/\\\/oliva.capital\\\/es\\\/carrera\\\/#breadcrumb\",\"itemListElement\":[{\"@type\":\"ListItem\",\"position\":1,\"name\":\"Home\",\"item\":\"https:\\\/\\\/oliva.capital\\\/es\\\/\"},{\"@type\":\"ListItem\",\"position\":2,\"name\":\"Carrera\"}]},{\"@type\":\"WebSite\",\"@id\":\"https:\\\/\\\/oliva.capital\\\/#website\",\"url\":\"https:\\\/\\\/oliva.capital\\\/\",\"name\":\"Oliva Capital\",\"description\":\"\",\"publisher\":{\"@id\":\"https:\\\/\\\/oliva.capital\\\/#organization\"},\"potentialAction\":[{\"@type\":\"SearchAction\",\"target\":{\"@type\":\"EntryPoint\",\"urlTemplate\":\"https:\\\/\\\/oliva.capital\\\/?s={search_term_string}\"},\"query-input\":{\"@type\":\"PropertyValueSpecification\",\"valueRequired\":true,\"valueName\":\"search_term_string\"}}],\"inLanguage\":\"es\"},{\"@type\":\"Organization\",\"@id\":\"https:\\\/\\\/oliva.capital\\\/#organization\",\"name\":\"Oliva Capital\",\"url\":\"https:\\\/\\\/oliva.capital\\\/\",\"logo\":{\"@type\":\"ImageObject\",\"inLanguage\":\"es\",\"@id\":\"https:\\\/\\\/oliva.capital\\\/#\\\/schema\\\/logo\\\/image\\\/\",\"url\":\"https:\\\/\\\/oliva.capital\\\/wp-content\\\/uploads\\\/2021\\\/02\\\/Fichier-3.png\",\"contentUrl\":\"https:\\\/\\\/oliva.capital\\\/wp-content\\\/uploads\\\/2021\\\/02\\\/Fichier-3.png\",\"width\":572,\"height\":572,\"caption\":\"Oliva Capital\"},\"image\":{\"@id\":\"https:\\\/\\\/oliva.capital\\\/#\\\/schema\\\/logo\\\/image\\\/\"}}]}<\/script>\n<!-- \/ Yoast SEO plugin. -->","yoast_head_json":{"title":"Carrera - Oliva Capital","robots":{"index":"index","follow":"follow","max-snippet":"max-snippet:-1","max-image-preview":"max-image-preview:large","max-video-preview":"max-video-preview:-1"},"canonical":"https:\/\/oliva.capital\/es\/carrera\/","og_locale":"es_ES","og_type":"article","og_title":"Carrera - Oliva Capital","og_description":"Te estamos esperando. \u00bfTe gustar\u00eda evolucionar como parte de un equipo, atreverte a innovar, disfrutar con el reto e invertir con pasi\u00f3n? Estamos orgullosos de aprovechar el potencial de cada uno y combinar nuestros talentos \u00fanicos para alcanzar objetivos comunes. Invertimos colectivamente con autenticidad, franqueza y, sobre todo, sentido del humor, para poder crecer juntos. [&hellip;]","og_url":"https:\/\/oliva.capital\/es\/carrera\/","og_site_name":"Oliva Capital","article_modified_time":"2025-06-04T17:42:46+00:00","og_image":[{"width":1880,"height":1576,"url":"https:\/\/oliva.capital\/wp-content\/uploads\/2023\/08\/3.png","type":"image\/png"}],"twitter_card":"summary_large_image","twitter_misc":{"Tiempo de lectura":"4 minutos"},"schema":{"@context":"https:\/\/schema.org","@graph":[{"@type":"WebPage","@id":"https:\/\/oliva.capital\/es\/carrera\/","url":"https:\/\/oliva.capital\/es\/carrera\/","name":"Carrera - Oliva Capital","isPartOf":{"@id":"https:\/\/oliva.capital\/#website"},"primaryImageOfPage":{"@id":"https:\/\/oliva.capital\/es\/carrera\/#primaryimage"},"image":{"@id":"https:\/\/oliva.capital\/es\/carrera\/#primaryimage"},"thumbnailUrl":"https:\/\/oliva.capital\/wp-content\/uploads\/2023\/08\/3-1024x858.png","datePublished":"2023-08-24T15:18:18+00:00","dateModified":"2025-06-04T17:42:46+00:00","breadcrumb":{"@id":"https:\/\/oliva.capital\/es\/carrera\/#breadcrumb"},"inLanguage":"es","potentialAction":[{"@type":"ReadAction","target":["https:\/\/oliva.capital\/es\/carrera\/"]}]},{"@type":"ImageObject","inLanguage":"es","@id":"https:\/\/oliva.capital\/es\/carrera\/#primaryimage","url":"https:\/\/oliva.capital\/wp-content\/uploads\/2023\/08\/3-1024x858.png","contentUrl":"https:\/\/oliva.capital\/wp-content\/uploads\/2023\/08\/3-1024x858.png"},{"@type":"BreadcrumbList","@id":"https:\/\/oliva.capital\/es\/carrera\/#breadcrumb","itemListElement":[{"@type":"ListItem","position":1,"name":"Home","item":"https:\/\/oliva.capital\/es\/"},{"@type":"ListItem","position":2,"name":"Carrera"}]},{"@type":"WebSite","@id":"https:\/\/oliva.capital\/#website","url":"https:\/\/oliva.capital\/","name":"Oliva Capital","description":"","publisher":{"@id":"https:\/\/oliva.capital\/#organization"},"potentialAction":[{"@type":"SearchAction","target":{"@type":"EntryPoint","urlTemplate":"https:\/\/oliva.capital\/?s={search_term_string}"},"query-input":{"@type":"PropertyValueSpecification","valueRequired":true,"valueName":"search_term_string"}}],"inLanguage":"es"},{"@type":"Organization","@id":"https:\/\/oliva.capital\/#organization","name":"Oliva Capital","url":"https:\/\/oliva.capital\/","logo":{"@type":"ImageObject","inLanguage":"es","@id":"https:\/\/oliva.capital\/#\/schema\/logo\/image\/","url":"https:\/\/oliva.capital\/wp-content\/uploads\/2021\/02\/Fichier-3.png","contentUrl":"https:\/\/oliva.capital\/wp-content\/uploads\/2021\/02\/Fichier-3.png","width":572,"height":572,"caption":"Oliva Capital"},"image":{"@id":"https:\/\/oliva.capital\/#\/schema\/logo\/image\/"}}]}},"_links":{"self":[{"href":"https:\/\/oliva.capital\/es\/wp-json\/wp\/v2\/pages\/3310","targetHints":{"allow":["GET"]}}],"collection":[{"href":"https:\/\/oliva.capital\/es\/wp-json\/wp\/v2\/pages"}],"about":[{"href":"https:\/\/oliva.capital\/es\/wp-json\/wp\/v2\/types\/page"}],"author":[{"embeddable":true,"href":"https:\/\/oliva.capital\/es\/wp-json\/wp\/v2\/users\/6"}],"replies":[{"embeddable":true,"href":"https:\/\/oliva.capital\/es\/wp-json\/wp\/v2\/comments?post=3310"}],"version-history":[{"count":6,"href":"https:\/\/oliva.capital\/es\/wp-json\/wp\/v2\/pages\/3310\/revisions"}],"predecessor-version":[{"id":3613,"href":"https:\/\/oliva.capital\/es\/wp-json\/wp\/v2\/pages\/3310\/revisions\/3613"}],"wp:attachment":[{"href":"https:\/\/oliva.capital\/es\/wp-json\/wp\/v2\/media?parent=3310"}],"curies":[{"name":"wp","href":"https:\/\/api.w.org\/{rel}","templated":true}]}}