{"id":2893,"date":"2023-04-20T15:56:12","date_gmt":"2023-04-20T19:56:12","guid":{"rendered":"https:\/\/oliva.capital\/a-propos-2\/"},"modified":"2023-08-21T09:56:10","modified_gmt":"2023-08-21T13:56:10","slug":"sobre","status":"publish","type":"page","link":"https:\/\/oliva.capital\/es\/sobre\/","title":{"rendered":"Oliva Capital"},"content":{"rendered":"\n<div class=\"wp-block-group alignfull wp_diagonal_right\"><div class=\"wp-block-group__inner-container is-layout-constrained wp-block-group-is-layout-constrained\">\n<div class=\"wp-block-group\"><div class=\"wp-block-group__inner-container is-layout-constrained wp-block-group-is-layout-constrained\">\n<div style=\"height:150px\" aria-hidden=\"true\" class=\"wp-block-spacer\"><\/div>\n\n\n\n<div class=\"wp-block-columns is-layout-flex wp-container-core-columns-is-layout-9d6595d7 wp-block-columns-is-layout-flex\">\n<div class=\"wp-block-column is-layout-flow wp-block-column-is-layout-flow\">\n<figure class=\"wp-block-image size-large animate__slideInLeft toAnimate\"><img loading=\"lazy\" decoding=\"async\" width=\"1024\" height=\"819\" src=\"https:\/\/oliva.capital\/wp-content\/uploads\/2021\/09\/Oliva-Capital--1024x819.jpg\" alt=\"\" class=\"wp-image-1028\" srcset=\"https:\/\/oliva.capital\/wp-content\/uploads\/2021\/09\/Oliva-Capital--1024x819.jpg 1024w, https:\/\/oliva.capital\/wp-content\/uploads\/2021\/09\/Oliva-Capital--300x240.jpg 300w, https:\/\/oliva.capital\/wp-content\/uploads\/2021\/09\/Oliva-Capital--768x614.jpg 768w, https:\/\/oliva.capital\/wp-content\/uploads\/2021\/09\/Oliva-Capital--1536x1229.jpg 1536w, https:\/\/oliva.capital\/wp-content\/uploads\/2021\/09\/Oliva-Capital--2048x1638.jpg 2048w\" sizes=\"auto, (max-width: 1024px) 100vw, 1024px\" \/><\/figure>\n<\/div>\n\n\n\n<div class=\"wp-block-column animate__fadeIn toAnimate is-layout-flow wp-block-column-is-layout-flow\">\n<h2 class=\"wp-block-heading\"><strong>Sobre Oliva Capital<\/strong><mark style=\"background-color:rgba(0, 0, 0, 0)\" class=\"has-inline-color has-color-4-color\">.<\/mark><\/h2>\n\n\n\n<p>Fundada por cinco amigos movidos por la pasi\u00f3n por el esp\u00edritu empresarial y el deseo de marcar una verdadera diferencia, Oliva Capital ech\u00f3 ra\u00edces en inspiradoras reuniones celebradas en un restaurante llamado Oliva, en M\u00e9rida (M\u00e9xico).<\/p>\n\n\n\n<p>En el logotipo de Oliva Capital figura un camale\u00f3n, s\u00edmbolo emblem\u00e1tico de M\u00e9xico y que representa la capacidad de la empresa para adaptarse, ser creativa y aprovechar las oportunidades de estructuraci\u00f3n.<\/p>\n\n\n\n<p>Esta aventura empresarial, llevada a cabo con compromiso, determinaci\u00f3n y, sobre todo, placer, permite ahora apoyar el crecimiento de empresas prometedoras gracias a su voluntad de generar un impacto significativo.<\/p>\n<\/div>\n<\/div>\n<\/div><\/div>\n<\/div><\/div>\n\n\n\n<div class=\"wp-block-group alignfull wp_diagonal_right\"><div class=\"wp-block-group__inner-container is-layout-constrained wp-block-group-is-layout-constrained\">\n<div class=\"wp-block-group alignfull\"><div class=\"wp-block-group__inner-container is-layout-constrained wp-block-group-is-layout-constrained\">\n<div style=\"height:250px\" aria-hidden=\"true\" class=\"wp-block-spacer\"><\/div>\n\n\n\n<div class=\"wp-block-media-text has-media-on-the-right is-stacked-on-mobile is-vertically-aligned-top\"><div class=\"wp-block-media-text__content\">\n<h2 class=\"wp-block-heading\">Invertimos para generar impacto<mark style=\"background-color:rgba(0, 0, 0, 0)\" class=\"has-inline-color has-color-4-color\">.<\/mark><\/h2>\n\n\n\n<div style=\"height:0px\" aria-hidden=\"true\" class=\"wp-block-spacer\"><\/div>\n\n\n\n<p>El compromiso de Oliva Capital de generar impacto es m\u00e1s que un eslogan. Es una misi\u00f3n que nos tomamos muy en serio. Creemos que nuestro \u00e9xito est\u00e1 ligado al \u00e9xito de nuestra comunidad.<\/p>\n\n\n\n<p>Consideramos que es nuestra responsabilidad contribuir al desarrollo y al bienestar de nuestra comunidad local. A trav\u00e9s de nuestras diversas iniciativas, nos comprometemos a apoyar causas que tengan un impacto significativo en nuestros conciudadanos y contribuyan a la influencia positiva de nuestras comunidades.<\/p>\n\n\n\n<p>Por eso estamos orgullosos de apoyar causas sociales y de colaborar directamente con varias organizaciones locales.<\/p>\n<\/div><figure class=\"wp-block-media-text__media\"><img loading=\"lazy\" decoding=\"async\" width=\"1024\" height=\"683\" src=\"https:\/\/oliva.capital\/wp-content\/uploads\/2023\/04\/DSC06658-1024x683.jpg\" alt=\"\" class=\"wp-image-2641 size-full\" srcset=\"https:\/\/oliva.capital\/wp-content\/uploads\/2023\/04\/DSC06658-1024x683.jpg 1024w, https:\/\/oliva.capital\/wp-content\/uploads\/2023\/04\/DSC06658-300x200.jpg 300w, https:\/\/oliva.capital\/wp-content\/uploads\/2023\/04\/DSC06658-768x512.jpg 768w, https:\/\/oliva.capital\/wp-content\/uploads\/2023\/04\/DSC06658-1536x1024.jpg 1536w, https:\/\/oliva.capital\/wp-content\/uploads\/2023\/04\/DSC06658.jpg 2048w\" sizes=\"auto, (max-width: 1024px) 100vw, 1024px\" \/><\/figure><\/div>\n\n\n\n<div style=\"height:100px\" aria-hidden=\"true\" class=\"wp-block-spacer\"><\/div>\n<\/div><\/div>\n\n\n\n<figure class=\"wp-block-gallery alignwide has-nested-images columns-8 is-cropped wp-block-gallery-1 is-layout-flex wp-block-gallery-is-layout-flex\">\n<figure class=\"wp-block-image size-large\"><a href=\"https:\/\/blainville.ca\/activites\/programmation\/jeux-quebec-hiver-2026\"><img loading=\"lazy\" decoding=\"async\" width=\"1024\" height=\"559\" data-id=\"2783\" src=\"https:\/\/oliva.capital\/wp-content\/uploads\/2023\/04\/jeux-1024x559.png\" alt=\"\" class=\"wp-image-2783\" srcset=\"https:\/\/oliva.capital\/wp-content\/uploads\/2023\/04\/jeux-1024x559.png 1024w, https:\/\/oliva.capital\/wp-content\/uploads\/2023\/04\/jeux-300x164.png 300w, https:\/\/oliva.capital\/wp-content\/uploads\/2023\/04\/jeux-768x419.png 768w, https:\/\/oliva.capital\/wp-content\/uploads\/2023\/04\/jeux-1536x838.png 1536w, https:\/\/oliva.capital\/wp-content\/uploads\/2023\/04\/jeux.png 1980w\" sizes=\"auto, (max-width: 1024px) 100vw, 1024px\" \/><\/a><\/figure>\n\n\n\n<figure class=\"wp-block-image size-large\"><a href=\"https:\/\/terrebonnefete350.ca\"><img loading=\"lazy\" decoding=\"async\" width=\"1024\" height=\"559\" data-id=\"2774\" src=\"https:\/\/oliva.capital\/wp-content\/uploads\/2023\/04\/350-1024x559.png\" alt=\"\" class=\"wp-image-2774\" srcset=\"https:\/\/oliva.capital\/wp-content\/uploads\/2023\/04\/350-1024x559.png 1024w, https:\/\/oliva.capital\/wp-content\/uploads\/2023\/04\/350-300x164.png 300w, https:\/\/oliva.capital\/wp-content\/uploads\/2023\/04\/350-768x419.png 768w, https:\/\/oliva.capital\/wp-content\/uploads\/2023\/04\/350-1536x838.png 1536w, https:\/\/oliva.capital\/wp-content\/uploads\/2023\/04\/350.png 1980w\" sizes=\"auto, (max-width: 1024px) 100vw, 1024px\" \/><\/a><\/figure>\n\n\n\n<figure class=\"wp-block-image size-large\"><a href=\"https:\/\/fondationssl.ca\"><img loading=\"lazy\" decoding=\"async\" width=\"1024\" height=\"559\" data-id=\"2771\" src=\"https:\/\/oliva.capital\/wp-content\/uploads\/2023\/04\/FSSL-1-1024x559.jpg\" alt=\"\" class=\"wp-image-2771\" srcset=\"https:\/\/oliva.capital\/wp-content\/uploads\/2023\/04\/FSSL-1-1024x559.jpg 1024w, https:\/\/oliva.capital\/wp-content\/uploads\/2023\/04\/FSSL-1-300x164.jpg 300w, https:\/\/oliva.capital\/wp-content\/uploads\/2023\/04\/FSSL-1-768x419.jpg 768w, https:\/\/oliva.capital\/wp-content\/uploads\/2023\/04\/FSSL-1-1536x838.jpg 1536w, https:\/\/oliva.capital\/wp-content\/uploads\/2023\/04\/FSSL-1.jpg 1980w\" sizes=\"auto, (max-width: 1024px) 100vw, 1024px\" \/><\/a><\/figure>\n\n\n\n<figure class=\"wp-block-image size-large\"><a href=\"https:\/\/ccimoulins.com\"><img loading=\"lazy\" decoding=\"async\" width=\"1024\" height=\"592\" data-id=\"2768\" src=\"https:\/\/oliva.capital\/wp-content\/uploads\/2023\/04\/ccim-1-1024x592.jpg\" alt=\"\" class=\"wp-image-2768\" srcset=\"https:\/\/oliva.capital\/wp-content\/uploads\/2023\/04\/ccim-1-1024x592.jpg 1024w, https:\/\/oliva.capital\/wp-content\/uploads\/2023\/04\/ccim-1-300x173.jpg 300w, https:\/\/oliva.capital\/wp-content\/uploads\/2023\/04\/ccim-1-768x444.jpg 768w, https:\/\/oliva.capital\/wp-content\/uploads\/2023\/04\/ccim-1-1536x888.jpg 1536w, https:\/\/oliva.capital\/wp-content\/uploads\/2023\/04\/ccim-1.jpg 1980w\" sizes=\"auto, (max-width: 1024px) 100vw, 1024px\" \/><\/a><\/figure>\n\n\n\n<figure class=\"wp-block-image size-large\"><a href=\"https:\/\/www.facebook.com\/PresentpourNoel\/\"><img loading=\"lazy\" decoding=\"async\" width=\"1024\" height=\"576\" data-id=\"2763\" src=\"https:\/\/oliva.capital\/wp-content\/uploads\/2023\/04\/Logo-present-pour-Noel-rouge-1-1024x576.png\" alt=\"\" class=\"wp-image-2763\" srcset=\"https:\/\/oliva.capital\/wp-content\/uploads\/2023\/04\/Logo-present-pour-Noel-rouge-1-1024x576.png 1024w, https:\/\/oliva.capital\/wp-content\/uploads\/2023\/04\/Logo-present-pour-Noel-rouge-1-300x169.png 300w, https:\/\/oliva.capital\/wp-content\/uploads\/2023\/04\/Logo-present-pour-Noel-rouge-1-768x432.png 768w, https:\/\/oliva.capital\/wp-content\/uploads\/2023\/04\/Logo-present-pour-Noel-rouge-1-1536x864.png 1536w, https:\/\/oliva.capital\/wp-content\/uploads\/2023\/04\/Logo-present-pour-Noel-rouge-1.png 1921w\" sizes=\"auto, (max-width: 1024px) 100vw, 1024px\" \/><\/a><\/figure>\n\n\n\n<figure class=\"wp-block-image size-large\"><a href=\"http:\/\/www.music4cancer.com\"><img loading=\"lazy\" decoding=\"async\" width=\"1024\" height=\"559\" data-id=\"2762\" src=\"https:\/\/oliva.capital\/wp-content\/uploads\/2023\/04\/M4C-1-1024x559.png\" alt=\"\" class=\"wp-image-2762\" srcset=\"https:\/\/oliva.capital\/wp-content\/uploads\/2023\/04\/M4C-1-1024x559.png 1024w, https:\/\/oliva.capital\/wp-content\/uploads\/2023\/04\/M4C-1-300x164.png 300w, https:\/\/oliva.capital\/wp-content\/uploads\/2023\/04\/M4C-1-768x419.png 768w, https:\/\/oliva.capital\/wp-content\/uploads\/2023\/04\/M4C-1-1536x838.png 1536w, https:\/\/oliva.capital\/wp-content\/uploads\/2023\/04\/M4C-1.png 1980w\" sizes=\"auto, (max-width: 1024px) 100vw, 1024px\" \/><\/a><\/figure>\n\n\n\n<figure class=\"wp-block-image size-large\"><a href=\"https:\/\/www.ccitb.ca\"><img loading=\"lazy\" decoding=\"async\" width=\"1024\" height=\"559\" data-id=\"2759\" src=\"https:\/\/oliva.capital\/wp-content\/uploads\/2023\/04\/ccitb-1-1024x559.png\" alt=\"\" class=\"wp-image-2759\" srcset=\"https:\/\/oliva.capital\/wp-content\/uploads\/2023\/04\/ccitb-1-1024x559.png 1024w, https:\/\/oliva.capital\/wp-content\/uploads\/2023\/04\/ccitb-1-300x164.png 300w, https:\/\/oliva.capital\/wp-content\/uploads\/2023\/04\/ccitb-1-768x419.png 768w, https:\/\/oliva.capital\/wp-content\/uploads\/2023\/04\/ccitb-1-1536x838.png 1536w, https:\/\/oliva.capital\/wp-content\/uploads\/2023\/04\/ccitb-1.png 1980w\" sizes=\"auto, (max-width: 1024px) 100vw, 1024px\" \/><\/a><\/figure>\n\n\n\n<figure class=\"wp-block-image size-large\"><a href=\"https:\/\/fondationsablon.com\"><img loading=\"lazy\" decoding=\"async\" width=\"1024\" height=\"559\" data-id=\"2756\" src=\"https:\/\/oliva.capital\/wp-content\/uploads\/2023\/04\/sablon-1024x559.png\" alt=\"\" class=\"wp-image-2756\" srcset=\"https:\/\/oliva.capital\/wp-content\/uploads\/2023\/04\/sablon-1024x559.png 1024w, https:\/\/oliva.capital\/wp-content\/uploads\/2023\/04\/sablon-300x164.png 300w, https:\/\/oliva.capital\/wp-content\/uploads\/2023\/04\/sablon-768x419.png 768w, https:\/\/oliva.capital\/wp-content\/uploads\/2023\/04\/sablon-1536x838.png 1536w, https:\/\/oliva.capital\/wp-content\/uploads\/2023\/04\/sablon.png 1980w\" sizes=\"auto, (max-width: 1024px) 100vw, 1024px\" \/><\/a><\/figure>\n<\/figure>\n<\/div><\/div>\n\n\n\n<div class=\"wp-block-group alignfull\"><div class=\"wp-block-group__inner-container is-layout-constrained wp-block-group-is-layout-constrained\">\n<div class=\"wp-block-group\"><div class=\"wp-block-group__inner-container is-layout-flow wp-block-group-is-layout-flow\">\n<div style=\"height:370px\" aria-hidden=\"true\" class=\"wp-block-spacer\"><\/div>\n<\/div><\/div>\n\n\n\n<h2 class=\"wp-block-heading\">Nuestros criterios de inversi\u00f3n<mark style=\"background-color:rgba(0, 0, 0, 0)\" class=\"has-inline-color has-color-4-color\">.<\/mark><\/h2>\n\n\n\n<div style=\"height:0px\" aria-hidden=\"true\" class=\"wp-block-spacer\"><\/div>\n\n\n\n<p>Oliva Capital busca empresas que necesiten apoyo financiero y que tambi\u00e9n busquen socios comerciales que les ayuden a maximizar su crecimiento.&nbsp;Creemos que el apoyo financiero y la experiencia operativa son esenciales para ayudar a las empresas a tener \u00e9xito y trabajamos con nuestros socios para maximizar su potencial. Queremos apoyar a empresas con una experiencia reconocida en su campo, as\u00ed como con una s\u00f3lida cultura corporativa que fomente la innovaci\u00f3n y la colaboraci\u00f3n.<\/p>\n\n\n\n<p>Otorgamos un gran valor a la creaci\u00f3n de relaciones a largo plazo con nuestros socios y al establecimiento de colaboraciones mutuamente beneficiosas que ofrezcan soluciones innovadoras y resultados sostenibles para los clientes.<\/p>\n\n\n\n<p>Aunque tenemos un gran inter\u00e9s en las industrias de la tecnolog\u00eda y la horticultura, siempre estamos atentos a oportunidades de inversi\u00f3n en otros tipos de industrias.<\/p>\n\n\n\n<figure class=\"wp-block-image size-large\"><img loading=\"lazy\" decoding=\"async\" width=\"1024\" height=\"577\" src=\"https:\/\/oliva.capital\/wp-content\/uploads\/2023\/04\/nos-criteres-dinvestissement-5-1024x577.png\" alt=\"\" class=\"wp-image-2722\" srcset=\"https:\/\/oliva.capital\/wp-content\/uploads\/2023\/04\/nos-criteres-dinvestissement-5-1024x577.png 1024w, https:\/\/oliva.capital\/wp-content\/uploads\/2023\/04\/nos-criteres-dinvestissement-5-300x169.png 300w, https:\/\/oliva.capital\/wp-content\/uploads\/2023\/04\/nos-criteres-dinvestissement-5-768x433.png 768w, https:\/\/oliva.capital\/wp-content\/uploads\/2023\/04\/nos-criteres-dinvestissement-5-1536x866.png 1536w, https:\/\/oliva.capital\/wp-content\/uploads\/2023\/04\/nos-criteres-dinvestissement-5-2048x1154.png 2048w\" sizes=\"auto, (max-width: 1024px) 100vw, 1024px\" \/><\/figure>\n\n\n\n<div style=\"height:100px\" aria-hidden=\"true\" class=\"wp-block-spacer\"><\/div>\n<\/div><\/div>\n","protected":false},"excerpt":{"rendered":"<p>Sobre Oliva Capital. Fundada por cinco amigos movidos por la pasi\u00f3n por el esp\u00edritu empresarial y el deseo de marcar una verdadera diferencia, Oliva Capital ech\u00f3 ra\u00edces en inspiradoras reuniones celebradas en un restaurante llamado Oliva, en M\u00e9rida (M\u00e9xico). En el logotipo de Oliva Capital figura un camale\u00f3n, s\u00edmbolo emblem\u00e1tico de M\u00e9xico y que representa [&hellip;]<\/p>\n","protected":false},"author":6,"featured_media":0,"parent":0,"menu_order":0,"comment_status":"closed","ping_status":"closed","template":"","meta":{"_acf_changed":false,"footnotes":""},"class_list":["post-2893","page","type-page","status-publish","hentry"],"acf":[],"yoast_head":"<!-- This site is optimized with the Yoast SEO plugin v27.4 - https:\/\/yoast.com\/product\/yoast-seo-wordpress\/ -->\n<title>Oliva Capital - Oliva Capital<\/title>\n<meta name=\"description\" content=\"Nous avons comme objectif de mettre \u00e0 l\u2019avant le savoir-faire qu\u00e9b\u00e9cois et de mettre \u00e0 profit notre expertise afin de r\u00e9aliser le plein potentiel de nos soci\u00e9t\u00e9s en portefeuille.\" \/>\n<meta name=\"robots\" content=\"index, follow, max-snippet:-1, max-image-preview:large, max-video-preview:-1\" \/>\n<link rel=\"canonical\" href=\"https:\/\/oliva.capital\/es\/sobre\/\" \/>\n<meta property=\"og:locale\" content=\"es_ES\" \/>\n<meta property=\"og:type\" content=\"article\" \/>\n<meta property=\"og:title\" content=\"Oliva Capital - Oliva Capital\" \/>\n<meta property=\"og:description\" content=\"Nous avons comme objectif de mettre \u00e0 l\u2019avant le savoir-faire qu\u00e9b\u00e9cois et de mettre \u00e0 profit notre expertise afin de r\u00e9aliser le plein potentiel de nos soci\u00e9t\u00e9s en portefeuille.\" \/>\n<meta property=\"og:url\" content=\"https:\/\/oliva.capital\/es\/sobre\/\" \/>\n<meta property=\"og:site_name\" content=\"Oliva Capital\" \/>\n<meta property=\"article:modified_time\" content=\"2023-08-21T13:56:10+00:00\" \/>\n<meta property=\"og:image\" content=\"https:\/\/oliva.capital\/wp-content\/uploads\/2021\/09\/Oliva-Capital--1024x819.jpg\" \/>\n<meta name=\"twitter:card\" content=\"summary_large_image\" \/>\n<meta name=\"twitter:label1\" content=\"Tiempo de lectura\" \/>\n\t<meta name=\"twitter:data1\" content=\"4 minutos\" \/>\n<script type=\"application\/ld+json\" class=\"yoast-schema-graph\">{\"@context\":\"https:\\\/\\\/schema.org\",\"@graph\":[{\"@type\":\"WebPage\",\"@id\":\"https:\\\/\\\/oliva.capital\\\/es\\\/sobre\\\/\",\"url\":\"https:\\\/\\\/oliva.capital\\\/es\\\/sobre\\\/\",\"name\":\"Oliva Capital - Oliva Capital\",\"isPartOf\":{\"@id\":\"https:\\\/\\\/oliva.capital\\\/#website\"},\"primaryImageOfPage\":{\"@id\":\"https:\\\/\\\/oliva.capital\\\/es\\\/sobre\\\/#primaryimage\"},\"image\":{\"@id\":\"https:\\\/\\\/oliva.capital\\\/es\\\/sobre\\\/#primaryimage\"},\"thumbnailUrl\":\"https:\\\/\\\/oliva.capital\\\/wp-content\\\/uploads\\\/2021\\\/09\\\/Oliva-Capital--1024x819.jpg\",\"datePublished\":\"2023-04-20T19:56:12+00:00\",\"dateModified\":\"2023-08-21T13:56:10+00:00\",\"description\":\"Nous avons comme objectif de mettre \u00e0 l\u2019avant le savoir-faire qu\u00e9b\u00e9cois et de mettre \u00e0 profit notre expertise afin de r\u00e9aliser le plein potentiel de nos soci\u00e9t\u00e9s en portefeuille.\",\"breadcrumb\":{\"@id\":\"https:\\\/\\\/oliva.capital\\\/es\\\/sobre\\\/#breadcrumb\"},\"inLanguage\":\"es\",\"potentialAction\":[{\"@type\":\"ReadAction\",\"target\":[\"https:\\\/\\\/oliva.capital\\\/es\\\/sobre\\\/\"]}]},{\"@type\":\"ImageObject\",\"inLanguage\":\"es\",\"@id\":\"https:\\\/\\\/oliva.capital\\\/es\\\/sobre\\\/#primaryimage\",\"url\":\"https:\\\/\\\/oliva.capital\\\/wp-content\\\/uploads\\\/2021\\\/09\\\/Oliva-Capital--1024x819.jpg\",\"contentUrl\":\"https:\\\/\\\/oliva.capital\\\/wp-content\\\/uploads\\\/2021\\\/09\\\/Oliva-Capital--1024x819.jpg\"},{\"@type\":\"BreadcrumbList\",\"@id\":\"https:\\\/\\\/oliva.capital\\\/es\\\/sobre\\\/#breadcrumb\",\"itemListElement\":[{\"@type\":\"ListItem\",\"position\":1,\"name\":\"Home\",\"item\":\"https:\\\/\\\/oliva.capital\\\/es\\\/\"},{\"@type\":\"ListItem\",\"position\":2,\"name\":\"Oliva Capital\"}]},{\"@type\":\"WebSite\",\"@id\":\"https:\\\/\\\/oliva.capital\\\/#website\",\"url\":\"https:\\\/\\\/oliva.capital\\\/\",\"name\":\"Oliva Capital\",\"description\":\"\",\"publisher\":{\"@id\":\"https:\\\/\\\/oliva.capital\\\/#organization\"},\"potentialAction\":[{\"@type\":\"SearchAction\",\"target\":{\"@type\":\"EntryPoint\",\"urlTemplate\":\"https:\\\/\\\/oliva.capital\\\/?s={search_term_string}\"},\"query-input\":{\"@type\":\"PropertyValueSpecification\",\"valueRequired\":true,\"valueName\":\"search_term_string\"}}],\"inLanguage\":\"es\"},{\"@type\":\"Organization\",\"@id\":\"https:\\\/\\\/oliva.capital\\\/#organization\",\"name\":\"Oliva Capital\",\"url\":\"https:\\\/\\\/oliva.capital\\\/\",\"logo\":{\"@type\":\"ImageObject\",\"inLanguage\":\"es\",\"@id\":\"https:\\\/\\\/oliva.capital\\\/#\\\/schema\\\/logo\\\/image\\\/\",\"url\":\"https:\\\/\\\/oliva.capital\\\/wp-content\\\/uploads\\\/2021\\\/02\\\/Fichier-3.png\",\"contentUrl\":\"https:\\\/\\\/oliva.capital\\\/wp-content\\\/uploads\\\/2021\\\/02\\\/Fichier-3.png\",\"width\":572,\"height\":572,\"caption\":\"Oliva Capital\"},\"image\":{\"@id\":\"https:\\\/\\\/oliva.capital\\\/#\\\/schema\\\/logo\\\/image\\\/\"}}]}<\/script>\n<!-- \/ Yoast SEO plugin. -->","yoast_head_json":{"title":"Oliva Capital - Oliva Capital","description":"Nous avons comme objectif de mettre \u00e0 l\u2019avant le savoir-faire qu\u00e9b\u00e9cois et de mettre \u00e0 profit notre expertise afin de r\u00e9aliser le plein potentiel de nos soci\u00e9t\u00e9s en portefeuille.","robots":{"index":"index","follow":"follow","max-snippet":"max-snippet:-1","max-image-preview":"max-image-preview:large","max-video-preview":"max-video-preview:-1"},"canonical":"https:\/\/oliva.capital\/es\/sobre\/","og_locale":"es_ES","og_type":"article","og_title":"Oliva Capital - Oliva Capital","og_description":"Nous avons comme objectif de mettre \u00e0 l\u2019avant le savoir-faire qu\u00e9b\u00e9cois et de mettre \u00e0 profit notre expertise afin de r\u00e9aliser le plein potentiel de nos soci\u00e9t\u00e9s en portefeuille.","og_url":"https:\/\/oliva.capital\/es\/sobre\/","og_site_name":"Oliva Capital","article_modified_time":"2023-08-21T13:56:10+00:00","og_image":[{"url":"https:\/\/oliva.capital\/wp-content\/uploads\/2021\/09\/Oliva-Capital--1024x819.jpg","type":"","width":"","height":""}],"twitter_card":"summary_large_image","twitter_misc":{"Tiempo de lectura":"4 minutos"},"schema":{"@context":"https:\/\/schema.org","@graph":[{"@type":"WebPage","@id":"https:\/\/oliva.capital\/es\/sobre\/","url":"https:\/\/oliva.capital\/es\/sobre\/","name":"Oliva Capital - Oliva Capital","isPartOf":{"@id":"https:\/\/oliva.capital\/#website"},"primaryImageOfPage":{"@id":"https:\/\/oliva.capital\/es\/sobre\/#primaryimage"},"image":{"@id":"https:\/\/oliva.capital\/es\/sobre\/#primaryimage"},"thumbnailUrl":"https:\/\/oliva.capital\/wp-content\/uploads\/2021\/09\/Oliva-Capital--1024x819.jpg","datePublished":"2023-04-20T19:56:12+00:00","dateModified":"2023-08-21T13:56:10+00:00","description":"Nous avons comme objectif de mettre \u00e0 l\u2019avant le savoir-faire qu\u00e9b\u00e9cois et de mettre \u00e0 profit notre expertise afin de r\u00e9aliser le plein potentiel de nos soci\u00e9t\u00e9s en portefeuille.","breadcrumb":{"@id":"https:\/\/oliva.capital\/es\/sobre\/#breadcrumb"},"inLanguage":"es","potentialAction":[{"@type":"ReadAction","target":["https:\/\/oliva.capital\/es\/sobre\/"]}]},{"@type":"ImageObject","inLanguage":"es","@id":"https:\/\/oliva.capital\/es\/sobre\/#primaryimage","url":"https:\/\/oliva.capital\/wp-content\/uploads\/2021\/09\/Oliva-Capital--1024x819.jpg","contentUrl":"https:\/\/oliva.capital\/wp-content\/uploads\/2021\/09\/Oliva-Capital--1024x819.jpg"},{"@type":"BreadcrumbList","@id":"https:\/\/oliva.capital\/es\/sobre\/#breadcrumb","itemListElement":[{"@type":"ListItem","position":1,"name":"Home","item":"https:\/\/oliva.capital\/es\/"},{"@type":"ListItem","position":2,"name":"Oliva Capital"}]},{"@type":"WebSite","@id":"https:\/\/oliva.capital\/#website","url":"https:\/\/oliva.capital\/","name":"Oliva Capital","description":"","publisher":{"@id":"https:\/\/oliva.capital\/#organization"},"potentialAction":[{"@type":"SearchAction","target":{"@type":"EntryPoint","urlTemplate":"https:\/\/oliva.capital\/?s={search_term_string}"},"query-input":{"@type":"PropertyValueSpecification","valueRequired":true,"valueName":"search_term_string"}}],"inLanguage":"es"},{"@type":"Organization","@id":"https:\/\/oliva.capital\/#organization","name":"Oliva Capital","url":"https:\/\/oliva.capital\/","logo":{"@type":"ImageObject","inLanguage":"es","@id":"https:\/\/oliva.capital\/#\/schema\/logo\/image\/","url":"https:\/\/oliva.capital\/wp-content\/uploads\/2021\/02\/Fichier-3.png","contentUrl":"https:\/\/oliva.capital\/wp-content\/uploads\/2021\/02\/Fichier-3.png","width":572,"height":572,"caption":"Oliva Capital"},"image":{"@id":"https:\/\/oliva.capital\/#\/schema\/logo\/image\/"}}]}},"_links":{"self":[{"href":"https:\/\/oliva.capital\/es\/wp-json\/wp\/v2\/pages\/2893","targetHints":{"allow":["GET"]}}],"collection":[{"href":"https:\/\/oliva.capital\/es\/wp-json\/wp\/v2\/pages"}],"about":[{"href":"https:\/\/oliva.capital\/es\/wp-json\/wp\/v2\/types\/page"}],"author":[{"embeddable":true,"href":"https:\/\/oliva.capital\/es\/wp-json\/wp\/v2\/users\/6"}],"replies":[{"embeddable":true,"href":"https:\/\/oliva.capital\/es\/wp-json\/wp\/v2\/comments?post=2893"}],"version-history":[{"count":3,"href":"https:\/\/oliva.capital\/es\/wp-json\/wp\/v2\/pages\/2893\/revisions"}],"predecessor-version":[{"id":3300,"href":"https:\/\/oliva.capital\/es\/wp-json\/wp\/v2\/pages\/2893\/revisions\/3300"}],"wp:attachment":[{"href":"https:\/\/oliva.capital\/es\/wp-json\/wp\/v2\/media?parent=2893"}],"curies":[{"name":"wp","href":"https:\/\/api.w.org\/{rel}","templated":true}]}}