{"id":2411,"date":"2023-03-21T07:14:18","date_gmt":"2023-03-21T11:14:18","guid":{"rendered":"https:\/\/oliva.capital\/?page_id=2411"},"modified":"2023-03-21T13:06:11","modified_gmt":"2023-03-21T17:06:11","slug":"horticultura-de-oliva","status":"publish","type":"page","link":"https:\/\/oliva.capital\/es\/horticultura-de-oliva\/","title":{"rendered":"Oliva Tech"},"content":{"rendered":"\n<div class=\"wp-block-group alignfull wp_diagonal_left\"><div class=\"wp-block-group__inner-container is-layout-flow wp-block-group-is-layout-flow\">\n<div class=\"wp-block-group\"><div class=\"wp-block-group__inner-container is-layout-flow wp-block-group-is-layout-flow\">\n<div class=\"wp-block-columns is-layout-flex wp-container-core-columns-is-layout-9d6595d7 wp-block-columns-is-layout-flex\">\n<div class=\"wp-block-column animate__fadeIn toAnimate is-layout-flow wp-block-column-is-layout-flow\" style=\"flex-basis:60%\">\n<div style=\"height:0px\" aria-hidden=\"true\" class=\"wp-block-spacer\"><\/div>\n\n\n\n<div style=\"height:100px\" aria-hidden=\"true\" class=\"wp-block-spacer\"><\/div>\n\n\n\n<h2 class=\"has-color-3-color has-text-color wp-block-heading\">Sobre.<\/h2>\n\n\n\n<div style=\"height:0px\" aria-hidden=\"true\" class=\"wp-block-spacer\"><\/div>\n\n\n\n<p>En 2022, Oliva Capital anuncia la creaci\u00f3n de la divisi\u00f3n Oliva Horticulture. Tras haber adquirido un s\u00f3lido conocimiento de la horticultura durante los cuatro a\u00f1os anteriores y haber desarrollado una verdadera pasi\u00f3n por ella, Martin Breault asume el cargo de presidente y director general de la organizaci\u00f3n. S\u00e9bastien Dupont es Vicepresidente de Desarrollo Corporativo. Fue presidente de Entreprises Touchette durante m\u00e1s de 15 a\u00f1os y las ruedas del sector ya no tienen secretos para \u00e9l.<\/p>\n<\/div>\n\n\n\n<div class=\"wp-block-column is-layout-flow wp-block-column-is-layout-flow\" style=\"flex-basis:33.33%\"><\/div>\n<\/div>\n<\/div><\/div>\n<\/div><\/div>\n\n\n\n<div style=\"height:200px\" aria-hidden=\"true\" class=\"wp-block-spacer\"><\/div>\n\n\n\n<div class=\"wp-block-group\"><div class=\"wp-block-group__inner-container is-layout-constrained wp-block-group-is-layout-constrained\"><\/div><\/div>\n\n\n\n\n \n    <section class=\"news-block is-light\">\n        <div class=\"content\">\n            <div class=\"heading\">\n                                    <h2 class=\"dotted-end animate__fadeIn toAnimate\">\u00daltimas noticias de Oliva Tech<\/h2>\n                \n                                    <p class=\"animate__fadeIn toAnimate\"><\/p>\n                            <\/div>\n            <div class=\"post-grid\">\n                <div class=\"news-slider\">\n                                            <div class=\"slide-news\">\n                            <a href=\"https:\/\/oliva.capital\/es\/geoffrey-blanc-nombrado-director-general-de-cyberimpact\/\" class=\"post-cell animate__fadeIn toAnimate\">\n    <figure class=\"\">\n        <img loading=\"lazy\" decoding=\"async\" width=\"3000\" height=\"1575\" src=\"https:\/\/oliva.capital\/wp-content\/uploads\/2023\/06\/Communique-site-web.png\" class=\"attachment-post-thumbnail size-post-thumbnail wp-post-image\" alt=\"\" srcset=\"https:\/\/oliva.capital\/wp-content\/uploads\/2023\/06\/Communique-site-web.png 3000w, https:\/\/oliva.capital\/wp-content\/uploads\/2023\/06\/Communique-site-web-300x158.png 300w, https:\/\/oliva.capital\/wp-content\/uploads\/2023\/06\/Communique-site-web-1024x538.png 1024w, https:\/\/oliva.capital\/wp-content\/uploads\/2023\/06\/Communique-site-web-768x403.png 768w, https:\/\/oliva.capital\/wp-content\/uploads\/2023\/06\/Communique-site-web-1536x806.png 1536w, https:\/\/oliva.capital\/wp-content\/uploads\/2023\/06\/Communique-site-web-2048x1075.png 2048w\" sizes=\"auto, (max-width: 3000px) 100vw, 3000px\" \/>    <\/figure>\n    <div class=\"text\">\n        <h3>Geoffrey Blanc nombrado Director General de Cyberimpact<\/h3>\n        <p><span class=\"date\">19 junio 2023<\/span> | Cyberimpact anuncia el nombramiento de Geoffrey Blanc al puesto de Director General. Con una s\u00f3lida formaci\u00f3n en comercio electr\u00f3nico y gesti\u00f3n de proyectos ERP, Geoffrey aporta una valiosa experiencia para apoyar el crecimiento y la expansi\u00f3n estrat\u00e9gica de la empresa. Su visi\u00f3n estrat\u00e9gica y su capacidad para dirigir equipos le permitir\u00e1n llevar a la empresa [&hellip;]<\/p>\n        <div class=\"wp-block-buttons  \">\n            <div class=\"wp-block-button biggerLast\"><span class=\"wp-block-button__link has-color-1-background-color has-background\" style=\"border-radius:5px\">aprender<span class=\"has-inline-color has-color-4-color\">+<\/span><\/span><\/div>\n        <\/div>\n    <\/div> \n<\/a>                        <\/div>\n                                            <div class=\"slide-news\">\n                            <a href=\"https:\/\/oliva.capital\/es\/vincent-habla-de-los-retos-empresariales\/\" class=\"post-cell animate__fadeIn toAnimate\">\n    <figure class=\"\">\n        <img loading=\"lazy\" decoding=\"async\" width=\"1950\" height=\"1024\" src=\"https:\/\/oliva.capital\/wp-content\/uploads\/2023\/05\/Communique-site-web-9.png\" class=\"attachment-post-thumbnail size-post-thumbnail wp-post-image\" alt=\"\" srcset=\"https:\/\/oliva.capital\/wp-content\/uploads\/2023\/05\/Communique-site-web-9.png 1950w, https:\/\/oliva.capital\/wp-content\/uploads\/2023\/05\/Communique-site-web-9-300x158.png 300w, https:\/\/oliva.capital\/wp-content\/uploads\/2023\/05\/Communique-site-web-9-1024x538.png 1024w, https:\/\/oliva.capital\/wp-content\/uploads\/2023\/05\/Communique-site-web-9-768x403.png 768w, https:\/\/oliva.capital\/wp-content\/uploads\/2023\/05\/Communique-site-web-9-1536x807.png 1536w\" sizes=\"auto, (max-width: 1950px) 100vw, 1950px\" \/>    <\/figure>\n    <div class=\"text\">\n        <h3>Vincent habla de los retos empresariales<\/h3>\n        <p><span class=\"date\">10 mayo 2023<\/span> | Los \u00faltimos a\u00f1os han estado llenos de retos apasionantes para Vincent (Presidente de Logient &amp; nventive) y su equipo. Tras enfrentarse a numerosas situaciones que exig\u00edan adaptaci\u00f3n y superaci\u00f3n de obst\u00e1culos, han demostrado su capacidad para estar a la altura de las circunstancias al seguir logrando un crecimiento impresionante, incluida la adquisici\u00f3n de varias empresas [&hellip;]<\/p>\n        <div class=\"wp-block-buttons  \">\n            <div class=\"wp-block-button biggerLast\"><span class=\"wp-block-button__link has-color-1-background-color has-background\" style=\"border-radius:5px\">aprender<span class=\"has-inline-color has-color-4-color\">+<\/span><\/span><\/div>\n        <\/div>\n    <\/div> \n<\/a>                        <\/div>\n                                            <div class=\"slide-news\">\n                            <a href=\"https:\/\/oliva.capital\/es\/oliva-tech-un-nuevo-ecosistema-tecnologico\/\" class=\"post-cell animate__fadeIn toAnimate\">\n    <figure class=\"\">\n        <img loading=\"lazy\" decoding=\"async\" width=\"1950\" height=\"1024\" src=\"https:\/\/oliva.capital\/wp-content\/uploads\/2023\/03\/Communique-site-web-6.png\" class=\"attachment-post-thumbnail size-post-thumbnail wp-post-image\" alt=\"\" srcset=\"https:\/\/oliva.capital\/wp-content\/uploads\/2023\/03\/Communique-site-web-6.png 1950w, https:\/\/oliva.capital\/wp-content\/uploads\/2023\/03\/Communique-site-web-6-300x158.png 300w, https:\/\/oliva.capital\/wp-content\/uploads\/2023\/03\/Communique-site-web-6-1024x538.png 1024w, https:\/\/oliva.capital\/wp-content\/uploads\/2023\/03\/Communique-site-web-6-768x403.png 768w, https:\/\/oliva.capital\/wp-content\/uploads\/2023\/03\/Communique-site-web-6-1536x807.png 1536w\" sizes=\"auto, (max-width: 1950px) 100vw, 1950px\" \/>    <\/figure>\n    <div class=\"text\">\n        <h3>Oliva Tech: un nuevo ecosistema tecnol\u00f3gico<\/h3>\n        <p><span class=\"date\">21 marzo 2023<\/span> | Oliva Tech: un nuevo ecosistema tecnol\u00f3gico clave impulsado por la experiencia de Logient y nventive Oliva Capital se complace en anunciar la creaci\u00f3n de Oliva Tech, una nueva filial cuya misi\u00f3n es impulsar a las empresas de servicios tecnol\u00f3gicos hacia el crecimiento local e internacional. Tras esta noticia, Oliva Tech anuncia tambi\u00e9n la adquisici\u00f3n de [&hellip;]<\/p>\n        <div class=\"wp-block-buttons  \">\n            <div class=\"wp-block-button biggerLast\"><span class=\"wp-block-button__link has-color-1-background-color has-background\" style=\"border-radius:5px\">aprender<span class=\"has-inline-color has-color-4-color\">+<\/span><\/span><\/div>\n        <\/div>\n    <\/div> \n<\/a>                        <\/div>\n                                    <\/div>\n            <\/div>\n        <\/div>\n    <\/section>\n","protected":false},"excerpt":{"rendered":"<p>Sobre. En 2022, Oliva Capital anuncia la creaci\u00f3n de la divisi\u00f3n Oliva Horticulture. Tras haber adquirido un s\u00f3lido conocimiento de la horticultura durante los cuatro a\u00f1os anteriores y haber desarrollado una verdadera pasi\u00f3n por ella, Martin Breault asume el cargo de presidente y director general de la organizaci\u00f3n. S\u00e9bastien Dupont es Vicepresidente de Desarrollo Corporativo. [&hellip;]<\/p>\n","protected":false},"author":6,"featured_media":0,"parent":0,"menu_order":2,"comment_status":"closed","ping_status":"closed","template":"","meta":{"_acf_changed":false,"footnotes":""},"class_list":["post-2411","page","type-page","status-publish","hentry"],"acf":[],"yoast_head":"<!-- This site is optimized with the Yoast SEO plugin v27.4 - https:\/\/yoast.com\/product\/yoast-seo-wordpress\/ -->\n<title>Oliva Tech - Oliva Capital<\/title>\n<meta name=\"robots\" content=\"index, follow, max-snippet:-1, max-image-preview:large, max-video-preview:-1\" \/>\n<link rel=\"canonical\" href=\"https:\/\/oliva.capital\/es\/horticultura-de-oliva\/\" \/>\n<meta property=\"og:locale\" content=\"es_ES\" \/>\n<meta property=\"og:type\" content=\"article\" \/>\n<meta property=\"og:title\" content=\"Oliva Tech - Oliva Capital\" \/>\n<meta property=\"og:description\" content=\"Sobre. En 2022, Oliva Capital anuncia la creaci\u00f3n de la divisi\u00f3n Oliva Horticulture. Tras haber adquirido un s\u00f3lido conocimiento de la horticultura durante los cuatro a\u00f1os anteriores y haber desarrollado una verdadera pasi\u00f3n por ella, Martin Breault asume el cargo de presidente y director general de la organizaci\u00f3n. S\u00e9bastien Dupont es Vicepresidente de Desarrollo Corporativo. [&hellip;]\" \/>\n<meta property=\"og:url\" content=\"https:\/\/oliva.capital\/es\/horticultura-de-oliva\/\" \/>\n<meta property=\"og:site_name\" content=\"Oliva Capital\" \/>\n<meta property=\"article:modified_time\" content=\"2023-03-21T17:06:11+00:00\" \/>\n<meta name=\"twitter:card\" content=\"summary_large_image\" \/>\n<meta name=\"twitter:label1\" content=\"Tiempo de lectura\" \/>\n\t<meta name=\"twitter:data1\" content=\"1 minuto\" \/>\n<script type=\"application\/ld+json\" class=\"yoast-schema-graph\">{\"@context\":\"https:\\\/\\\/schema.org\",\"@graph\":[{\"@type\":\"WebPage\",\"@id\":\"https:\\\/\\\/oliva.capital\\\/es\\\/horticultura-de-oliva\\\/\",\"url\":\"https:\\\/\\\/oliva.capital\\\/es\\\/horticultura-de-oliva\\\/\",\"name\":\"Oliva Tech - Oliva Capital\",\"isPartOf\":{\"@id\":\"https:\\\/\\\/oliva.capital\\\/#website\"},\"datePublished\":\"2023-03-21T11:14:18+00:00\",\"dateModified\":\"2023-03-21T17:06:11+00:00\",\"breadcrumb\":{\"@id\":\"https:\\\/\\\/oliva.capital\\\/es\\\/horticultura-de-oliva\\\/#breadcrumb\"},\"inLanguage\":\"es\",\"potentialAction\":[{\"@type\":\"ReadAction\",\"target\":[\"https:\\\/\\\/oliva.capital\\\/es\\\/horticultura-de-oliva\\\/\"]}]},{\"@type\":\"BreadcrumbList\",\"@id\":\"https:\\\/\\\/oliva.capital\\\/es\\\/horticultura-de-oliva\\\/#breadcrumb\",\"itemListElement\":[{\"@type\":\"ListItem\",\"position\":1,\"name\":\"Home\",\"item\":\"https:\\\/\\\/oliva.capital\\\/es\\\/\"},{\"@type\":\"ListItem\",\"position\":2,\"name\":\"Oliva Tech\"}]},{\"@type\":\"WebSite\",\"@id\":\"https:\\\/\\\/oliva.capital\\\/#website\",\"url\":\"https:\\\/\\\/oliva.capital\\\/\",\"name\":\"Oliva Capital\",\"description\":\"\",\"publisher\":{\"@id\":\"https:\\\/\\\/oliva.capital\\\/#organization\"},\"potentialAction\":[{\"@type\":\"SearchAction\",\"target\":{\"@type\":\"EntryPoint\",\"urlTemplate\":\"https:\\\/\\\/oliva.capital\\\/?s={search_term_string}\"},\"query-input\":{\"@type\":\"PropertyValueSpecification\",\"valueRequired\":true,\"valueName\":\"search_term_string\"}}],\"inLanguage\":\"es\"},{\"@type\":\"Organization\",\"@id\":\"https:\\\/\\\/oliva.capital\\\/#organization\",\"name\":\"Oliva Capital\",\"url\":\"https:\\\/\\\/oliva.capital\\\/\",\"logo\":{\"@type\":\"ImageObject\",\"inLanguage\":\"es\",\"@id\":\"https:\\\/\\\/oliva.capital\\\/#\\\/schema\\\/logo\\\/image\\\/\",\"url\":\"https:\\\/\\\/oliva.capital\\\/wp-content\\\/uploads\\\/2021\\\/02\\\/Fichier-3.png\",\"contentUrl\":\"https:\\\/\\\/oliva.capital\\\/wp-content\\\/uploads\\\/2021\\\/02\\\/Fichier-3.png\",\"width\":572,\"height\":572,\"caption\":\"Oliva Capital\"},\"image\":{\"@id\":\"https:\\\/\\\/oliva.capital\\\/#\\\/schema\\\/logo\\\/image\\\/\"}}]}<\/script>\n<!-- \/ Yoast SEO plugin. -->","yoast_head_json":{"title":"Oliva Tech - Oliva Capital","robots":{"index":"index","follow":"follow","max-snippet":"max-snippet:-1","max-image-preview":"max-image-preview:large","max-video-preview":"max-video-preview:-1"},"canonical":"https:\/\/oliva.capital\/es\/horticultura-de-oliva\/","og_locale":"es_ES","og_type":"article","og_title":"Oliva Tech - Oliva Capital","og_description":"Sobre. En 2022, Oliva Capital anuncia la creaci\u00f3n de la divisi\u00f3n Oliva Horticulture. Tras haber adquirido un s\u00f3lido conocimiento de la horticultura durante los cuatro a\u00f1os anteriores y haber desarrollado una verdadera pasi\u00f3n por ella, Martin Breault asume el cargo de presidente y director general de la organizaci\u00f3n. S\u00e9bastien Dupont es Vicepresidente de Desarrollo Corporativo. [&hellip;]","og_url":"https:\/\/oliva.capital\/es\/horticultura-de-oliva\/","og_site_name":"Oliva Capital","article_modified_time":"2023-03-21T17:06:11+00:00","twitter_card":"summary_large_image","twitter_misc":{"Tiempo de lectura":"1 minuto"},"schema":{"@context":"https:\/\/schema.org","@graph":[{"@type":"WebPage","@id":"https:\/\/oliva.capital\/es\/horticultura-de-oliva\/","url":"https:\/\/oliva.capital\/es\/horticultura-de-oliva\/","name":"Oliva Tech - Oliva Capital","isPartOf":{"@id":"https:\/\/oliva.capital\/#website"},"datePublished":"2023-03-21T11:14:18+00:00","dateModified":"2023-03-21T17:06:11+00:00","breadcrumb":{"@id":"https:\/\/oliva.capital\/es\/horticultura-de-oliva\/#breadcrumb"},"inLanguage":"es","potentialAction":[{"@type":"ReadAction","target":["https:\/\/oliva.capital\/es\/horticultura-de-oliva\/"]}]},{"@type":"BreadcrumbList","@id":"https:\/\/oliva.capital\/es\/horticultura-de-oliva\/#breadcrumb","itemListElement":[{"@type":"ListItem","position":1,"name":"Home","item":"https:\/\/oliva.capital\/es\/"},{"@type":"ListItem","position":2,"name":"Oliva Tech"}]},{"@type":"WebSite","@id":"https:\/\/oliva.capital\/#website","url":"https:\/\/oliva.capital\/","name":"Oliva Capital","description":"","publisher":{"@id":"https:\/\/oliva.capital\/#organization"},"potentialAction":[{"@type":"SearchAction","target":{"@type":"EntryPoint","urlTemplate":"https:\/\/oliva.capital\/?s={search_term_string}"},"query-input":{"@type":"PropertyValueSpecification","valueRequired":true,"valueName":"search_term_string"}}],"inLanguage":"es"},{"@type":"Organization","@id":"https:\/\/oliva.capital\/#organization","name":"Oliva Capital","url":"https:\/\/oliva.capital\/","logo":{"@type":"ImageObject","inLanguage":"es","@id":"https:\/\/oliva.capital\/#\/schema\/logo\/image\/","url":"https:\/\/oliva.capital\/wp-content\/uploads\/2021\/02\/Fichier-3.png","contentUrl":"https:\/\/oliva.capital\/wp-content\/uploads\/2021\/02\/Fichier-3.png","width":572,"height":572,"caption":"Oliva Capital"},"image":{"@id":"https:\/\/oliva.capital\/#\/schema\/logo\/image\/"}}]}},"_links":{"self":[{"href":"https:\/\/oliva.capital\/es\/wp-json\/wp\/v2\/pages\/2411","targetHints":{"allow":["GET"]}}],"collection":[{"href":"https:\/\/oliva.capital\/es\/wp-json\/wp\/v2\/pages"}],"about":[{"href":"https:\/\/oliva.capital\/es\/wp-json\/wp\/v2\/types\/page"}],"author":[{"embeddable":true,"href":"https:\/\/oliva.capital\/es\/wp-json\/wp\/v2\/users\/6"}],"replies":[{"embeddable":true,"href":"https:\/\/oliva.capital\/es\/wp-json\/wp\/v2\/comments?post=2411"}],"version-history":[{"count":12,"href":"https:\/\/oliva.capital\/es\/wp-json\/wp\/v2\/pages\/2411\/revisions"}],"predecessor-version":[{"id":2595,"href":"https:\/\/oliva.capital\/es\/wp-json\/wp\/v2\/pages\/2411\/revisions\/2595"}],"wp:attachment":[{"href":"https:\/\/oliva.capital\/es\/wp-json\/wp\/v2\/media?parent=2411"}],"curies":[{"name":"wp","href":"https:\/\/api.w.org\/{rel}","templated":true}]}}