{"id":2011,"date":"2021-02-27T18:14:51","date_gmt":"2021-02-27T18:14:51","guid":{"rendered":"https:\/\/oliva.capital\/equipe"},"modified":"2023-11-06T15:31:03","modified_gmt":"2023-11-06T20:31:03","slug":"equipo","status":"publish","type":"page","link":"https:\/\/oliva.capital\/es\/equipo\/","title":{"rendered":"Equipo"},"content":{"rendered":"\n<div class=\"wp-block-group alignfull\"><div class=\"wp-block-group__inner-container is-layout-flow wp-block-group-is-layout-flow\">\n<div class=\"wp-block-group\"><div class=\"wp-block-group__inner-container is-layout-flow wp-block-group-is-layout-flow\">\n<div style=\"height:100px\" aria-hidden=\"true\" class=\"wp-block-spacer\"><\/div>\n\n\n\n<h2 class=\"wp-block-heading has-text-align-center\">Nuestros asociados<mark style=\"background-color:rgba(0, 0, 0, 0)\" class=\"has-inline-color has-color-4-color\">.<\/mark><\/h2>\n\n\n<section class=\"equipe-full-page\" > \n    <div class=\"grid\">\n                    <a href=\"https:\/\/oliva.capital\/es\/equipo\/julien-trussart-8\/\" id=\"julien-trussart-8\" class=\"item-equipier full-page animate__fadeInUp toAnimate has-more\">\n                <figure title=\"Julien Trussart's profile\">\n                                            <img loading=\"lazy\" decoding=\"async\" width=\"780\" height=\"780\" src=\"https:\/\/oliva.capital\/wp-content\/uploads\/2023\/02\/Julien-2-scaled-aspect-ratio-780-780-aspect-ratio-780-780-1-aspect-ratio-780-780.jpg\" class=\"attachment-full size-full\" alt=\"\" srcset=\"https:\/\/oliva.capital\/wp-content\/uploads\/2023\/02\/Julien-2-scaled-aspect-ratio-780-780-aspect-ratio-780-780-1-aspect-ratio-780-780.jpg 780w, https:\/\/oliva.capital\/wp-content\/uploads\/2023\/02\/Julien-2-scaled-aspect-ratio-780-780-aspect-ratio-780-780-1-aspect-ratio-780-780-300x300.jpg 300w, https:\/\/oliva.capital\/wp-content\/uploads\/2023\/02\/Julien-2-scaled-aspect-ratio-780-780-aspect-ratio-780-780-1-aspect-ratio-780-780-150x150.jpg 150w, https:\/\/oliva.capital\/wp-content\/uploads\/2023\/02\/Julien-2-scaled-aspect-ratio-780-780-aspect-ratio-780-780-1-aspect-ratio-780-780-768x768.jpg 768w\" sizes=\"auto, (max-width: 780px) 100vw, 780px\" \/>                                                                <span class=\"indicator\"><\/span>\n                                    <\/figure>\n                <div class=\"member-infos\">\n                    <p class=\"name dotted-end\">Julien Trussart<\/p>\n                    <p class=\"poste\">Asociado<\/p>\n                <\/div>\n            <\/a>\n                    <a href=\"https:\/\/oliva.capital\/es\/equipo\/khan-chau\/\" id=\"khan-chau\" class=\"item-equipier full-page animate__fadeInUp toAnimate has-more\">\n                <figure title=\"Khan Chau's profile\">\n                                            <img loading=\"lazy\" decoding=\"async\" width=\"780\" height=\"780\" src=\"https:\/\/oliva.capital\/wp-content\/uploads\/2023\/04\/Khan-22-2-aspect-ratio-780-780-aspect-ratio-780-780-aspect-ratio-780-780.jpg\" class=\"attachment-full size-full\" alt=\"\" srcset=\"https:\/\/oliva.capital\/wp-content\/uploads\/2023\/04\/Khan-22-2-aspect-ratio-780-780-aspect-ratio-780-780-aspect-ratio-780-780.jpg 780w, https:\/\/oliva.capital\/wp-content\/uploads\/2023\/04\/Khan-22-2-aspect-ratio-780-780-aspect-ratio-780-780-aspect-ratio-780-780-300x300.jpg 300w, https:\/\/oliva.capital\/wp-content\/uploads\/2023\/04\/Khan-22-2-aspect-ratio-780-780-aspect-ratio-780-780-aspect-ratio-780-780-150x150.jpg 150w, https:\/\/oliva.capital\/wp-content\/uploads\/2023\/04\/Khan-22-2-aspect-ratio-780-780-aspect-ratio-780-780-aspect-ratio-780-780-768x768.jpg 768w\" sizes=\"auto, (max-width: 780px) 100vw, 780px\" \/>                                                                <span class=\"indicator\"><\/span>\n                                    <\/figure>\n                <div class=\"member-infos\">\n                    <p class=\"name dotted-end\">Khan Chau<\/p>\n                    <p class=\"poste\">Asociado<\/p>\n                <\/div>\n            <\/a>\n                    <a href=\"https:\/\/oliva.capital\/es\/equipo\/martin-breault\/\" id=\"martin-breault\" class=\"item-equipier full-page animate__fadeInUp toAnimate has-more\">\n                <figure title=\"Martin Breault's profile\">\n                                            <img loading=\"lazy\" decoding=\"async\" width=\"780\" height=\"780\" src=\"https:\/\/oliva.capital\/wp-content\/uploads\/2023\/02\/Martin-2-scaled-aspect-ratio-780-780-aspect-ratio-780-780-aspect-ratio-780-780.jpg\" class=\"attachment-full size-full\" alt=\"\" srcset=\"https:\/\/oliva.capital\/wp-content\/uploads\/2023\/02\/Martin-2-scaled-aspect-ratio-780-780-aspect-ratio-780-780-aspect-ratio-780-780.jpg 780w, https:\/\/oliva.capital\/wp-content\/uploads\/2023\/02\/Martin-2-scaled-aspect-ratio-780-780-aspect-ratio-780-780-aspect-ratio-780-780-300x300.jpg 300w, https:\/\/oliva.capital\/wp-content\/uploads\/2023\/02\/Martin-2-scaled-aspect-ratio-780-780-aspect-ratio-780-780-aspect-ratio-780-780-150x150.jpg 150w, https:\/\/oliva.capital\/wp-content\/uploads\/2023\/02\/Martin-2-scaled-aspect-ratio-780-780-aspect-ratio-780-780-aspect-ratio-780-780-768x768.jpg 768w\" sizes=\"auto, (max-width: 780px) 100vw, 780px\" \/>                                                                <span class=\"indicator\"><\/span>\n                                    <\/figure>\n                <div class=\"member-infos\">\n                    <p class=\"name dotted-end\">Martin Breault<\/p>\n                    <p class=\"poste\">Asociado<\/p>\n                <\/div>\n            <\/a>\n                    <a href=\"https:\/\/oliva.capital\/es\/equipo\/vincent-godcharles\/\" id=\"vincent-godcharles\" class=\"item-equipier full-page animate__fadeInUp toAnimate has-more\">\n                <figure title=\"Vincent Godcharles's profile\">\n                                            <img loading=\"lazy\" decoding=\"async\" width=\"780\" height=\"780\" src=\"https:\/\/oliva.capital\/wp-content\/uploads\/2023\/02\/Vincent-2-scaled-aspect-ratio-780-780-aspect-ratio-780-780.jpg\" class=\"attachment-full size-full\" alt=\"\" srcset=\"https:\/\/oliva.capital\/wp-content\/uploads\/2023\/02\/Vincent-2-scaled-aspect-ratio-780-780-aspect-ratio-780-780.jpg 780w, https:\/\/oliva.capital\/wp-content\/uploads\/2023\/02\/Vincent-2-scaled-aspect-ratio-780-780-aspect-ratio-780-780-300x300.jpg 300w, https:\/\/oliva.capital\/wp-content\/uploads\/2023\/02\/Vincent-2-scaled-aspect-ratio-780-780-aspect-ratio-780-780-150x150.jpg 150w, https:\/\/oliva.capital\/wp-content\/uploads\/2023\/02\/Vincent-2-scaled-aspect-ratio-780-780-aspect-ratio-780-780-768x768.jpg 768w\" sizes=\"auto, (max-width: 780px) 100vw, 780px\" \/>                                                                <span class=\"indicator\"><\/span>\n                                    <\/figure>\n                <div class=\"member-infos\">\n                    <p class=\"name dotted-end\">Vincent Godcharles<\/p>\n                    <p class=\"poste\">Asociado<\/p>\n                <\/div>\n            <\/a>\n                    <a href=\"https:\/\/oliva.capital\/es\/equipo\/david-rouleau\/\" id=\"david-rouleau\" class=\"item-equipier full-page animate__fadeInUp toAnimate has-more\">\n                <figure title=\"David Rouleau's profile\">\n                                            <img loading=\"lazy\" decoding=\"async\" width=\"780\" height=\"780\" src=\"https:\/\/oliva.capital\/wp-content\/uploads\/2023\/02\/David-3-2carre-scaled-aspect-ratio-780-780-aspect-ratio-780-780.jpg\" class=\"attachment-full size-full\" alt=\"\" srcset=\"https:\/\/oliva.capital\/wp-content\/uploads\/2023\/02\/David-3-2carre-scaled-aspect-ratio-780-780-aspect-ratio-780-780.jpg 780w, https:\/\/oliva.capital\/wp-content\/uploads\/2023\/02\/David-3-2carre-scaled-aspect-ratio-780-780-aspect-ratio-780-780-300x300.jpg 300w, https:\/\/oliva.capital\/wp-content\/uploads\/2023\/02\/David-3-2carre-scaled-aspect-ratio-780-780-aspect-ratio-780-780-150x150.jpg 150w, https:\/\/oliva.capital\/wp-content\/uploads\/2023\/02\/David-3-2carre-scaled-aspect-ratio-780-780-aspect-ratio-780-780-768x768.jpg 768w\" sizes=\"auto, (max-width: 780px) 100vw, 780px\" \/>                                                                <span class=\"indicator\"><\/span>\n                                    <\/figure>\n                <div class=\"member-infos\">\n                    <p class=\"name dotted-end\">David Rouleau<\/p>\n                    <p class=\"poste\">Asociado<\/p>\n                <\/div>\n            <\/a>\n            <\/div>\n<\/section><\/div><\/div>\n\n\n\n<div class=\"wp-block-group\"><div class=\"wp-block-group__inner-container is-layout-flow wp-block-group-is-layout-flow\">\n<h2 class=\"wp-block-heading has-text-align-center\">Nuestro comit\u00e9 de direcci\u00f3n<mark style=\"background-color:rgba(0, 0, 0, 0)\" class=\"has-inline-color has-color-4-color\">.<\/mark><\/h2>\n\n\n<section class=\"equipe-full-page\" > \n    <div class=\"grid\">\n                    <a href=\"https:\/\/oliva.capital\/es\/equipo\/dominique-harvey\/\" id=\"dominique-harvey\" class=\"item-equipier full-page animate__fadeInUp toAnimate has-more\">\n                <figure title=\"Dominique Harvey's profile\">\n                                            <img loading=\"lazy\" decoding=\"async\" width=\"780\" height=\"780\" src=\"https:\/\/oliva.capital\/wp-content\/uploads\/2023\/02\/Dominique-8-2carre-scaled-aspect-ratio-780-780.jpg\" class=\"attachment-full size-full\" alt=\"\" srcset=\"https:\/\/oliva.capital\/wp-content\/uploads\/2023\/02\/Dominique-8-2carre-scaled-aspect-ratio-780-780.jpg 780w, https:\/\/oliva.capital\/wp-content\/uploads\/2023\/02\/Dominique-8-2carre-scaled-aspect-ratio-780-780-300x300.jpg 300w, https:\/\/oliva.capital\/wp-content\/uploads\/2023\/02\/Dominique-8-2carre-scaled-aspect-ratio-780-780-150x150.jpg 150w, https:\/\/oliva.capital\/wp-content\/uploads\/2023\/02\/Dominique-8-2carre-scaled-aspect-ratio-780-780-768x768.jpg 768w\" sizes=\"auto, (max-width: 780px) 100vw, 780px\" \/>                                                                <span class=\"indicator\"><\/span>\n                                    <\/figure>\n                <div class=\"member-infos\">\n                    <p class=\"name dotted-end\">Dominique Harvey<\/p>\n                    <p class=\"poste\">Director financiero<\/p>\n                <\/div>\n            <\/a>\n            <\/div>\n<\/section><\/div><\/div>\n<\/div><\/div>\n\n\n\n<div style=\"height:100px\" aria-hidden=\"true\" class=\"wp-block-spacer\"><\/div>\n","protected":false},"excerpt":{"rendered":"<p>Nuestros asociados. Nuestro comit\u00e9 de direcci\u00f3n.<\/p>\n","protected":false},"author":1,"featured_media":0,"parent":0,"menu_order":4,"comment_status":"closed","ping_status":"closed","template":"","meta":{"_acf_changed":false,"footnotes":""},"class_list":["post-2011","page","type-page","status-publish","hentry"],"acf":[],"yoast_head":"<!-- This site is optimized with the Yoast SEO plugin v27.4 - https:\/\/yoast.com\/product\/yoast-seo-wordpress\/ -->\n<title>Equipo - Oliva Capital<\/title>\n<meta name=\"description\" content=\"Les membres de notre \u00e9quipe ont des parcours compl\u00e9mentaires permettant d\u2019offrir un soutien complet \u00e0 nos soci\u00e9t\u00e9s en portefeuille.\" \/>\n<meta name=\"robots\" content=\"index, follow, max-snippet:-1, max-image-preview:large, max-video-preview:-1\" \/>\n<link rel=\"canonical\" href=\"https:\/\/oliva.capital\/es\/equipo\/\" \/>\n<meta property=\"og:locale\" content=\"es_ES\" \/>\n<meta property=\"og:type\" content=\"article\" \/>\n<meta property=\"og:title\" content=\"Equipo - Oliva Capital\" \/>\n<meta property=\"og:description\" content=\"Les membres de notre \u00e9quipe ont des parcours compl\u00e9mentaires permettant d\u2019offrir un soutien complet \u00e0 nos soci\u00e9t\u00e9s en portefeuille.\" \/>\n<meta property=\"og:url\" content=\"https:\/\/oliva.capital\/es\/equipo\/\" \/>\n<meta property=\"og:site_name\" content=\"Oliva Capital\" \/>\n<meta property=\"article:modified_time\" content=\"2023-11-06T20:31:03+00:00\" \/>\n<meta name=\"twitter:card\" content=\"summary_large_image\" \/>\n<meta name=\"twitter:label1\" content=\"Tiempo de lectura\" \/>\n\t<meta name=\"twitter:data1\" content=\"1 minuto\" \/>\n<script type=\"application\/ld+json\" class=\"yoast-schema-graph\">{\"@context\":\"https:\\\/\\\/schema.org\",\"@graph\":[{\"@type\":\"WebPage\",\"@id\":\"https:\\\/\\\/oliva.capital\\\/es\\\/equipo\\\/\",\"url\":\"https:\\\/\\\/oliva.capital\\\/es\\\/equipo\\\/\",\"name\":\"Equipo - Oliva Capital\",\"isPartOf\":{\"@id\":\"https:\\\/\\\/oliva.capital\\\/#website\"},\"datePublished\":\"2021-02-27T18:14:51+00:00\",\"dateModified\":\"2023-11-06T20:31:03+00:00\",\"description\":\"Les membres de notre \u00e9quipe ont des parcours compl\u00e9mentaires permettant d\u2019offrir un soutien complet \u00e0 nos soci\u00e9t\u00e9s en portefeuille.\",\"breadcrumb\":{\"@id\":\"https:\\\/\\\/oliva.capital\\\/es\\\/equipo\\\/#breadcrumb\"},\"inLanguage\":\"es\",\"potentialAction\":[{\"@type\":\"ReadAction\",\"target\":[\"https:\\\/\\\/oliva.capital\\\/es\\\/equipo\\\/\"]}]},{\"@type\":\"BreadcrumbList\",\"@id\":\"https:\\\/\\\/oliva.capital\\\/es\\\/equipo\\\/#breadcrumb\",\"itemListElement\":[{\"@type\":\"ListItem\",\"position\":1,\"name\":\"Home\",\"item\":\"https:\\\/\\\/oliva.capital\\\/es\\\/\"},{\"@type\":\"ListItem\",\"position\":2,\"name\":\"Equipo\"}]},{\"@type\":\"WebSite\",\"@id\":\"https:\\\/\\\/oliva.capital\\\/#website\",\"url\":\"https:\\\/\\\/oliva.capital\\\/\",\"name\":\"Oliva Capital\",\"description\":\"\",\"publisher\":{\"@id\":\"https:\\\/\\\/oliva.capital\\\/#organization\"},\"potentialAction\":[{\"@type\":\"SearchAction\",\"target\":{\"@type\":\"EntryPoint\",\"urlTemplate\":\"https:\\\/\\\/oliva.capital\\\/?s={search_term_string}\"},\"query-input\":{\"@type\":\"PropertyValueSpecification\",\"valueRequired\":true,\"valueName\":\"search_term_string\"}}],\"inLanguage\":\"es\"},{\"@type\":\"Organization\",\"@id\":\"https:\\\/\\\/oliva.capital\\\/#organization\",\"name\":\"Oliva Capital\",\"url\":\"https:\\\/\\\/oliva.capital\\\/\",\"logo\":{\"@type\":\"ImageObject\",\"inLanguage\":\"es\",\"@id\":\"https:\\\/\\\/oliva.capital\\\/#\\\/schema\\\/logo\\\/image\\\/\",\"url\":\"https:\\\/\\\/oliva.capital\\\/wp-content\\\/uploads\\\/2021\\\/02\\\/Fichier-3.png\",\"contentUrl\":\"https:\\\/\\\/oliva.capital\\\/wp-content\\\/uploads\\\/2021\\\/02\\\/Fichier-3.png\",\"width\":572,\"height\":572,\"caption\":\"Oliva Capital\"},\"image\":{\"@id\":\"https:\\\/\\\/oliva.capital\\\/#\\\/schema\\\/logo\\\/image\\\/\"}}]}<\/script>\n<!-- \/ Yoast SEO plugin. -->","yoast_head_json":{"title":"Equipo - Oliva Capital","description":"Les membres de notre \u00e9quipe ont des parcours compl\u00e9mentaires permettant d\u2019offrir un soutien complet \u00e0 nos soci\u00e9t\u00e9s en portefeuille.","robots":{"index":"index","follow":"follow","max-snippet":"max-snippet:-1","max-image-preview":"max-image-preview:large","max-video-preview":"max-video-preview:-1"},"canonical":"https:\/\/oliva.capital\/es\/equipo\/","og_locale":"es_ES","og_type":"article","og_title":"Equipo - Oliva Capital","og_description":"Les membres de notre \u00e9quipe ont des parcours compl\u00e9mentaires permettant d\u2019offrir un soutien complet \u00e0 nos soci\u00e9t\u00e9s en portefeuille.","og_url":"https:\/\/oliva.capital\/es\/equipo\/","og_site_name":"Oliva Capital","article_modified_time":"2023-11-06T20:31:03+00:00","twitter_card":"summary_large_image","twitter_misc":{"Tiempo de lectura":"1 minuto"},"schema":{"@context":"https:\/\/schema.org","@graph":[{"@type":"WebPage","@id":"https:\/\/oliva.capital\/es\/equipo\/","url":"https:\/\/oliva.capital\/es\/equipo\/","name":"Equipo - Oliva Capital","isPartOf":{"@id":"https:\/\/oliva.capital\/#website"},"datePublished":"2021-02-27T18:14:51+00:00","dateModified":"2023-11-06T20:31:03+00:00","description":"Les membres de notre \u00e9quipe ont des parcours compl\u00e9mentaires permettant d\u2019offrir un soutien complet \u00e0 nos soci\u00e9t\u00e9s en portefeuille.","breadcrumb":{"@id":"https:\/\/oliva.capital\/es\/equipo\/#breadcrumb"},"inLanguage":"es","potentialAction":[{"@type":"ReadAction","target":["https:\/\/oliva.capital\/es\/equipo\/"]}]},{"@type":"BreadcrumbList","@id":"https:\/\/oliva.capital\/es\/equipo\/#breadcrumb","itemListElement":[{"@type":"ListItem","position":1,"name":"Home","item":"https:\/\/oliva.capital\/es\/"},{"@type":"ListItem","position":2,"name":"Equipo"}]},{"@type":"WebSite","@id":"https:\/\/oliva.capital\/#website","url":"https:\/\/oliva.capital\/","name":"Oliva Capital","description":"","publisher":{"@id":"https:\/\/oliva.capital\/#organization"},"potentialAction":[{"@type":"SearchAction","target":{"@type":"EntryPoint","urlTemplate":"https:\/\/oliva.capital\/?s={search_term_string}"},"query-input":{"@type":"PropertyValueSpecification","valueRequired":true,"valueName":"search_term_string"}}],"inLanguage":"es"},{"@type":"Organization","@id":"https:\/\/oliva.capital\/#organization","name":"Oliva Capital","url":"https:\/\/oliva.capital\/","logo":{"@type":"ImageObject","inLanguage":"es","@id":"https:\/\/oliva.capital\/#\/schema\/logo\/image\/","url":"https:\/\/oliva.capital\/wp-content\/uploads\/2021\/02\/Fichier-3.png","contentUrl":"https:\/\/oliva.capital\/wp-content\/uploads\/2021\/02\/Fichier-3.png","width":572,"height":572,"caption":"Oliva Capital"},"image":{"@id":"https:\/\/oliva.capital\/#\/schema\/logo\/image\/"}}]}},"_links":{"self":[{"href":"https:\/\/oliva.capital\/es\/wp-json\/wp\/v2\/pages\/2011","targetHints":{"allow":["GET"]}}],"collection":[{"href":"https:\/\/oliva.capital\/es\/wp-json\/wp\/v2\/pages"}],"about":[{"href":"https:\/\/oliva.capital\/es\/wp-json\/wp\/v2\/types\/page"}],"author":[{"embeddable":true,"href":"https:\/\/oliva.capital\/es\/wp-json\/wp\/v2\/users\/1"}],"replies":[{"embeddable":true,"href":"https:\/\/oliva.capital\/es\/wp-json\/wp\/v2\/comments?post=2011"}],"version-history":[{"count":5,"href":"https:\/\/oliva.capital\/es\/wp-json\/wp\/v2\/pages\/2011\/revisions"}],"predecessor-version":[{"id":3372,"href":"https:\/\/oliva.capital\/es\/wp-json\/wp\/v2\/pages\/2011\/revisions\/3372"}],"wp:attachment":[{"href":"https:\/\/oliva.capital\/es\/wp-json\/wp\/v2\/media?parent=2011"}],"curies":[{"name":"wp","href":"https:\/\/api.w.org\/{rel}","templated":true}]}}