{"id":1997,"date":"2022-09-29T13:30:46","date_gmt":"2022-09-29T13:30:46","guid":{"rendered":"https:\/\/oliva.capital\/renseignements-personnels"},"modified":"2023-03-07T11:18:09","modified_gmt":"2023-03-07T16:18:09","slug":"datos-personales","status":"publish","type":"page","link":"https:\/\/oliva.capital\/es\/datos-personales\/","title":{"rendered":"Datos personales"},"content":{"rendered":"\n<div class=\"wp-block-group\"><div class=\"wp-block-group__inner-container is-layout-flow wp-block-group-is-layout-flow\">\n<div style=\"height:50px\" aria-hidden=\"true\" class=\"wp-block-spacer\"><\/div>\n\n\n\n<p>Si tiene alguna solicitud, pregunta o duda sobre las pr\u00e1cticas de privacidad de Oliva Capital o sus entidades relacionadas, p\u00f3ngase en contacto con nuestro Responsable de Privacidad en:<\/p>\n\n\n\n<p>Charles Ceelen-Brasseur, Director de Asuntos Jur\u00eddicos<br>Direcci\u00f3n : 2480, boulevard des Entreprises, bureau 200, Terrebonne, Qu\u00e9bec, J6X 4J8<br>Correo electr\u00f3nico : cceelen@oliva.capital<\/p>\n\n\n\n<div style=\"height:50px\" aria-hidden=\"true\" class=\"wp-block-spacer\"><\/div>\n<\/div><\/div>\n","protected":false},"excerpt":{"rendered":"<p>Si tiene alguna solicitud, pregunta o duda sobre las pr\u00e1cticas de privacidad de Oliva Capital o sus entidades relacionadas, p\u00f3ngase en contacto con nuestro Responsable de Privacidad en: Charles Ceelen-Brasseur, Director de Asuntos Jur\u00eddicosDirecci\u00f3n : 2480, boulevard des Entreprises, bureau 200, Terrebonne, Qu\u00e9bec, J6X 4J8Correo electr\u00f3nico : cceelen@oliva.capital<\/p>\n","protected":false},"author":1,"featured_media":0,"parent":0,"menu_order":0,"comment_status":"closed","ping_status":"closed","template":"","meta":{"_acf_changed":false,"footnotes":""},"class_list":["post-1997","page","type-page","status-publish","hentry"],"acf":[],"yoast_head":"<!-- This site is optimized with the Yoast SEO plugin v27.4 - https:\/\/yoast.com\/product\/yoast-seo-wordpress\/ -->\n<title>Datos personales - Oliva Capital<\/title>\n<meta name=\"robots\" content=\"index, follow, max-snippet:-1, max-image-preview:large, max-video-preview:-1\" \/>\n<link rel=\"canonical\" href=\"https:\/\/oliva.capital\/es\/datos-personales\/\" \/>\n<meta property=\"og:locale\" content=\"es_ES\" \/>\n<meta property=\"og:type\" content=\"article\" \/>\n<meta property=\"og:title\" content=\"Datos personales - Oliva Capital\" \/>\n<meta property=\"og:description\" content=\"Si tiene alguna solicitud, pregunta o duda sobre las pr\u00e1cticas de privacidad de Oliva Capital o sus entidades relacionadas, p\u00f3ngase en contacto con nuestro Responsable de Privacidad en: Charles Ceelen-Brasseur, Director de Asuntos Jur\u00eddicosDirecci\u00f3n : 2480, boulevard des Entreprises, bureau 200, Terrebonne, Qu\u00e9bec, J6X 4J8Correo electr\u00f3nico : cceelen@oliva.capital\" \/>\n<meta property=\"og:url\" content=\"https:\/\/oliva.capital\/es\/datos-personales\/\" \/>\n<meta property=\"og:site_name\" content=\"Oliva Capital\" \/>\n<meta property=\"article:modified_time\" content=\"2023-03-07T16:18:09+00:00\" \/>\n<meta name=\"twitter:card\" content=\"summary_large_image\" \/>\n<meta name=\"twitter:label1\" content=\"Tiempo de lectura\" \/>\n\t<meta name=\"twitter:data1\" content=\"1 minuto\" \/>\n<script type=\"application\/ld+json\" class=\"yoast-schema-graph\">{\"@context\":\"https:\\\/\\\/schema.org\",\"@graph\":[{\"@type\":\"WebPage\",\"@id\":\"https:\\\/\\\/oliva.capital\\\/es\\\/datos-personales\\\/\",\"url\":\"https:\\\/\\\/oliva.capital\\\/es\\\/datos-personales\\\/\",\"name\":\"Datos personales - Oliva Capital\",\"isPartOf\":{\"@id\":\"https:\\\/\\\/oliva.capital\\\/#website\"},\"datePublished\":\"2022-09-29T13:30:46+00:00\",\"dateModified\":\"2023-03-07T16:18:09+00:00\",\"breadcrumb\":{\"@id\":\"https:\\\/\\\/oliva.capital\\\/es\\\/datos-personales\\\/#breadcrumb\"},\"inLanguage\":\"es\",\"potentialAction\":[{\"@type\":\"ReadAction\",\"target\":[\"https:\\\/\\\/oliva.capital\\\/es\\\/datos-personales\\\/\"]}]},{\"@type\":\"BreadcrumbList\",\"@id\":\"https:\\\/\\\/oliva.capital\\\/es\\\/datos-personales\\\/#breadcrumb\",\"itemListElement\":[{\"@type\":\"ListItem\",\"position\":1,\"name\":\"Home\",\"item\":\"https:\\\/\\\/oliva.capital\\\/es\\\/\"},{\"@type\":\"ListItem\",\"position\":2,\"name\":\"Datos personales\"}]},{\"@type\":\"WebSite\",\"@id\":\"https:\\\/\\\/oliva.capital\\\/#website\",\"url\":\"https:\\\/\\\/oliva.capital\\\/\",\"name\":\"Oliva Capital\",\"description\":\"\",\"publisher\":{\"@id\":\"https:\\\/\\\/oliva.capital\\\/#organization\"},\"potentialAction\":[{\"@type\":\"SearchAction\",\"target\":{\"@type\":\"EntryPoint\",\"urlTemplate\":\"https:\\\/\\\/oliva.capital\\\/?s={search_term_string}\"},\"query-input\":{\"@type\":\"PropertyValueSpecification\",\"valueRequired\":true,\"valueName\":\"search_term_string\"}}],\"inLanguage\":\"es\"},{\"@type\":\"Organization\",\"@id\":\"https:\\\/\\\/oliva.capital\\\/#organization\",\"name\":\"Oliva Capital\",\"url\":\"https:\\\/\\\/oliva.capital\\\/\",\"logo\":{\"@type\":\"ImageObject\",\"inLanguage\":\"es\",\"@id\":\"https:\\\/\\\/oliva.capital\\\/#\\\/schema\\\/logo\\\/image\\\/\",\"url\":\"https:\\\/\\\/oliva.capital\\\/wp-content\\\/uploads\\\/2021\\\/02\\\/Fichier-3.png\",\"contentUrl\":\"https:\\\/\\\/oliva.capital\\\/wp-content\\\/uploads\\\/2021\\\/02\\\/Fichier-3.png\",\"width\":572,\"height\":572,\"caption\":\"Oliva Capital\"},\"image\":{\"@id\":\"https:\\\/\\\/oliva.capital\\\/#\\\/schema\\\/logo\\\/image\\\/\"}}]}<\/script>\n<!-- \/ Yoast SEO plugin. -->","yoast_head_json":{"title":"Datos personales - Oliva Capital","robots":{"index":"index","follow":"follow","max-snippet":"max-snippet:-1","max-image-preview":"max-image-preview:large","max-video-preview":"max-video-preview:-1"},"canonical":"https:\/\/oliva.capital\/es\/datos-personales\/","og_locale":"es_ES","og_type":"article","og_title":"Datos personales - Oliva Capital","og_description":"Si tiene alguna solicitud, pregunta o duda sobre las pr\u00e1cticas de privacidad de Oliva Capital o sus entidades relacionadas, p\u00f3ngase en contacto con nuestro Responsable de Privacidad en: Charles Ceelen-Brasseur, Director de Asuntos Jur\u00eddicosDirecci\u00f3n : 2480, boulevard des Entreprises, bureau 200, Terrebonne, Qu\u00e9bec, J6X 4J8Correo electr\u00f3nico : cceelen@oliva.capital","og_url":"https:\/\/oliva.capital\/es\/datos-personales\/","og_site_name":"Oliva Capital","article_modified_time":"2023-03-07T16:18:09+00:00","twitter_card":"summary_large_image","twitter_misc":{"Tiempo de lectura":"1 minuto"},"schema":{"@context":"https:\/\/schema.org","@graph":[{"@type":"WebPage","@id":"https:\/\/oliva.capital\/es\/datos-personales\/","url":"https:\/\/oliva.capital\/es\/datos-personales\/","name":"Datos personales - Oliva Capital","isPartOf":{"@id":"https:\/\/oliva.capital\/#website"},"datePublished":"2022-09-29T13:30:46+00:00","dateModified":"2023-03-07T16:18:09+00:00","breadcrumb":{"@id":"https:\/\/oliva.capital\/es\/datos-personales\/#breadcrumb"},"inLanguage":"es","potentialAction":[{"@type":"ReadAction","target":["https:\/\/oliva.capital\/es\/datos-personales\/"]}]},{"@type":"BreadcrumbList","@id":"https:\/\/oliva.capital\/es\/datos-personales\/#breadcrumb","itemListElement":[{"@type":"ListItem","position":1,"name":"Home","item":"https:\/\/oliva.capital\/es\/"},{"@type":"ListItem","position":2,"name":"Datos personales"}]},{"@type":"WebSite","@id":"https:\/\/oliva.capital\/#website","url":"https:\/\/oliva.capital\/","name":"Oliva Capital","description":"","publisher":{"@id":"https:\/\/oliva.capital\/#organization"},"potentialAction":[{"@type":"SearchAction","target":{"@type":"EntryPoint","urlTemplate":"https:\/\/oliva.capital\/?s={search_term_string}"},"query-input":{"@type":"PropertyValueSpecification","valueRequired":true,"valueName":"search_term_string"}}],"inLanguage":"es"},{"@type":"Organization","@id":"https:\/\/oliva.capital\/#organization","name":"Oliva Capital","url":"https:\/\/oliva.capital\/","logo":{"@type":"ImageObject","inLanguage":"es","@id":"https:\/\/oliva.capital\/#\/schema\/logo\/image\/","url":"https:\/\/oliva.capital\/wp-content\/uploads\/2021\/02\/Fichier-3.png","contentUrl":"https:\/\/oliva.capital\/wp-content\/uploads\/2021\/02\/Fichier-3.png","width":572,"height":572,"caption":"Oliva Capital"},"image":{"@id":"https:\/\/oliva.capital\/#\/schema\/logo\/image\/"}}]}},"_links":{"self":[{"href":"https:\/\/oliva.capital\/es\/wp-json\/wp\/v2\/pages\/1997","targetHints":{"allow":["GET"]}}],"collection":[{"href":"https:\/\/oliva.capital\/es\/wp-json\/wp\/v2\/pages"}],"about":[{"href":"https:\/\/oliva.capital\/es\/wp-json\/wp\/v2\/types\/page"}],"author":[{"embeddable":true,"href":"https:\/\/oliva.capital\/es\/wp-json\/wp\/v2\/users\/1"}],"replies":[{"embeddable":true,"href":"https:\/\/oliva.capital\/es\/wp-json\/wp\/v2\/comments?post=1997"}],"version-history":[{"count":2,"href":"https:\/\/oliva.capital\/es\/wp-json\/wp\/v2\/pages\/1997\/revisions"}],"predecessor-version":[{"id":2388,"href":"https:\/\/oliva.capital\/es\/wp-json\/wp\/v2\/pages\/1997\/revisions\/2388"}],"wp:attachment":[{"href":"https:\/\/oliva.capital\/es\/wp-json\/wp\/v2\/media?parent=1997"}],"curies":[{"name":"wp","href":"https:\/\/api.w.org\/{rel}","templated":true}]}}