{"id":2888,"date":"2023-04-20T15:56:12","date_gmt":"2023-04-20T19:56:12","guid":{"rendered":"https:\/\/oliva.capital\/a-propos-2\/"},"modified":"2023-07-27T12:58:03","modified_gmt":"2023-07-27T16:58:03","slug":"about","status":"publish","type":"page","link":"https:\/\/oliva.capital\/en\/about\/","title":{"rendered":"Oliva Capital"},"content":{"rendered":"\n<div class=\"wp-block-group alignfull wp_diagonal_right\"><div class=\"wp-block-group__inner-container is-layout-constrained wp-block-group-is-layout-constrained\">\n<div class=\"wp-block-group\"><div class=\"wp-block-group__inner-container is-layout-constrained wp-block-group-is-layout-constrained\">\n<div style=\"height:150px\" aria-hidden=\"true\" class=\"wp-block-spacer\"><\/div>\n\n\n\n<div class=\"wp-block-columns is-layout-flex wp-container-core-columns-is-layout-9d6595d7 wp-block-columns-is-layout-flex\">\n<div class=\"wp-block-column is-layout-flow wp-block-column-is-layout-flow\"><div class=\"wp-block-image\">\n<figure class=\"alignright size-large is-resized animate__slideInLeft toAnimate\"><img loading=\"lazy\" decoding=\"async\" src=\"https:\/\/oliva.capital\/wp-content\/uploads\/2021\/09\/Oliva-Capital--1024x819.jpg\" alt=\"\" class=\"wp-image-1028\" width=\"438\" height=\"350\" srcset=\"https:\/\/oliva.capital\/wp-content\/uploads\/2021\/09\/Oliva-Capital--1024x819.jpg 1024w, https:\/\/oliva.capital\/wp-content\/uploads\/2021\/09\/Oliva-Capital--300x240.jpg 300w, https:\/\/oliva.capital\/wp-content\/uploads\/2021\/09\/Oliva-Capital--768x614.jpg 768w, https:\/\/oliva.capital\/wp-content\/uploads\/2021\/09\/Oliva-Capital--1536x1229.jpg 1536w, https:\/\/oliva.capital\/wp-content\/uploads\/2021\/09\/Oliva-Capital--2048x1638.jpg 2048w\" sizes=\"auto, (max-width: 438px) 100vw, 438px\" \/><\/figure>\n<\/div><\/div>\n\n\n\n<div class=\"wp-block-column animate__fadeIn toAnimate is-layout-flow wp-block-column-is-layout-flow\">\n<h2 class=\"wp-block-heading\">About us<mark style=\"background-color:rgba(0, 0, 0, 0)\" class=\"has-inline-color has-color-4-color\">.<\/mark><\/h2>\n\n\n\n<p>Founded by five friends driven by a passion for entrepreneurship and a desire to make a real difference, Oliva Capital took root in inspiring meetings held in a restaurant called Oliva in Merida, Mexico.<\/p>\n\n\n\n<p>The Oliva Capital logo features a chameleon, a symbol emblematic of Mexico and representing the company&#8217;s ability to adapt, be creative and seize structuring opportunities.<\/p>\n\n\n\n<p>This entrepreneurial adventure, carried out with commitment, determination and, above all, pleasure, now makes it possible to support the growth of promising companies thanks to its desire to generate a significant impact.<\/p>\n<\/div>\n<\/div>\n<\/div><\/div>\n<\/div><\/div>\n\n\n\n<div class=\"wp-block-group alignfull wp_diagonal_right\"><div class=\"wp-block-group__inner-container is-layout-constrained wp-block-group-is-layout-constrained\">\n<div class=\"wp-block-group alignfull\"><div class=\"wp-block-group__inner-container is-layout-constrained wp-block-group-is-layout-constrained\">\n<div style=\"height:250px\" aria-hidden=\"true\" class=\"wp-block-spacer\"><\/div>\n\n\n\n<div class=\"wp-block-media-text has-media-on-the-right is-stacked-on-mobile is-vertically-aligned-top\" style=\"grid-template-columns:auto 43%\"><div class=\"wp-block-media-text__content\">\n<h2 class=\"wp-block-heading\">I<strong>nvested to generate impact<\/strong><mark style=\"background-color:rgba(0, 0, 0, 0)\" class=\"has-inline-color has-color-4-color\">.<\/mark><\/h2>\n\n\n\n<div style=\"height:0px\" aria-hidden=\"true\" class=\"wp-block-spacer\"><\/div>\n\n\n\n<p>Oliva Capital&#8217;s commitment to making an impact is more than just a slogan. It is a mission we take to heart. We believe that our success is linked to the success of our community.<\/p>\n\n\n\n<p>We see it as our responsibility to contribute to the development and well-being of our local community. Through our various initiatives, we are committed to supporting causes that have a significant impact on our fellow citizens and contribute to the positive influence of our communities.<\/p>\n\n\n\n<p>This is why we are proud to support social causes and to be directly involved with several local organizations.<\/p>\n<\/div><figure class=\"wp-block-media-text__media\"><img loading=\"lazy\" decoding=\"async\" width=\"1024\" height=\"683\" src=\"https:\/\/oliva.capital\/wp-content\/uploads\/2023\/04\/DSC06658-1024x683.jpg\" alt=\"\" class=\"wp-image-2641 size-full\" srcset=\"https:\/\/oliva.capital\/wp-content\/uploads\/2023\/04\/DSC06658-1024x683.jpg 1024w, https:\/\/oliva.capital\/wp-content\/uploads\/2023\/04\/DSC06658-300x200.jpg 300w, https:\/\/oliva.capital\/wp-content\/uploads\/2023\/04\/DSC06658-768x512.jpg 768w, https:\/\/oliva.capital\/wp-content\/uploads\/2023\/04\/DSC06658-1536x1024.jpg 1536w, https:\/\/oliva.capital\/wp-content\/uploads\/2023\/04\/DSC06658.jpg 2048w\" sizes=\"auto, (max-width: 1024px) 100vw, 1024px\" \/><\/figure><\/div>\n\n\n\n<div style=\"height:70px\" aria-hidden=\"true\" class=\"wp-block-spacer\"><\/div>\n<\/div><\/div>\n\n\n\n<figure class=\"wp-block-gallery alignwide has-nested-images columns-8 is-cropped wp-block-gallery-1 is-layout-flex wp-block-gallery-is-layout-flex\">\n<figure class=\"wp-block-image size-large\"><a href=\"https:\/\/blainville.ca\/activites\/programmation\/jeux-quebec-hiver-2026\"><img loading=\"lazy\" decoding=\"async\" width=\"1024\" height=\"559\" data-id=\"2783\" src=\"https:\/\/oliva.capital\/wp-content\/uploads\/2023\/04\/jeux-1024x559.png\" alt=\"\" class=\"wp-image-2783\" srcset=\"https:\/\/oliva.capital\/wp-content\/uploads\/2023\/04\/jeux-1024x559.png 1024w, https:\/\/oliva.capital\/wp-content\/uploads\/2023\/04\/jeux-300x164.png 300w, https:\/\/oliva.capital\/wp-content\/uploads\/2023\/04\/jeux-768x419.png 768w, https:\/\/oliva.capital\/wp-content\/uploads\/2023\/04\/jeux-1536x838.png 1536w, https:\/\/oliva.capital\/wp-content\/uploads\/2023\/04\/jeux.png 1980w\" sizes=\"auto, (max-width: 1024px) 100vw, 1024px\" \/><\/a><\/figure>\n\n\n\n<figure class=\"wp-block-image size-large\"><a href=\"https:\/\/terrebonnefete350.ca\"><img loading=\"lazy\" decoding=\"async\" width=\"1024\" height=\"559\" data-id=\"2774\" src=\"https:\/\/oliva.capital\/wp-content\/uploads\/2023\/04\/350-1024x559.png\" alt=\"\" class=\"wp-image-2774\" srcset=\"https:\/\/oliva.capital\/wp-content\/uploads\/2023\/04\/350-1024x559.png 1024w, https:\/\/oliva.capital\/wp-content\/uploads\/2023\/04\/350-300x164.png 300w, https:\/\/oliva.capital\/wp-content\/uploads\/2023\/04\/350-768x419.png 768w, https:\/\/oliva.capital\/wp-content\/uploads\/2023\/04\/350-1536x838.png 1536w, https:\/\/oliva.capital\/wp-content\/uploads\/2023\/04\/350.png 1980w\" sizes=\"auto, (max-width: 1024px) 100vw, 1024px\" \/><\/a><\/figure>\n\n\n\n<figure class=\"wp-block-image size-large\"><a href=\"https:\/\/fondationssl.ca\"><img loading=\"lazy\" decoding=\"async\" width=\"1024\" height=\"559\" data-id=\"2771\" src=\"https:\/\/oliva.capital\/wp-content\/uploads\/2023\/04\/FSSL-1-1024x559.jpg\" alt=\"\" class=\"wp-image-2771\" srcset=\"https:\/\/oliva.capital\/wp-content\/uploads\/2023\/04\/FSSL-1-1024x559.jpg 1024w, https:\/\/oliva.capital\/wp-content\/uploads\/2023\/04\/FSSL-1-300x164.jpg 300w, https:\/\/oliva.capital\/wp-content\/uploads\/2023\/04\/FSSL-1-768x419.jpg 768w, https:\/\/oliva.capital\/wp-content\/uploads\/2023\/04\/FSSL-1-1536x838.jpg 1536w, https:\/\/oliva.capital\/wp-content\/uploads\/2023\/04\/FSSL-1.jpg 1980w\" sizes=\"auto, (max-width: 1024px) 100vw, 1024px\" \/><\/a><\/figure>\n\n\n\n<figure class=\"wp-block-image size-large\"><a href=\"https:\/\/ccimoulins.com\"><img loading=\"lazy\" decoding=\"async\" width=\"1024\" height=\"592\" data-id=\"2768\" src=\"https:\/\/oliva.capital\/wp-content\/uploads\/2023\/04\/ccim-1-1024x592.jpg\" alt=\"\" class=\"wp-image-2768\" srcset=\"https:\/\/oliva.capital\/wp-content\/uploads\/2023\/04\/ccim-1-1024x592.jpg 1024w, https:\/\/oliva.capital\/wp-content\/uploads\/2023\/04\/ccim-1-300x173.jpg 300w, https:\/\/oliva.capital\/wp-content\/uploads\/2023\/04\/ccim-1-768x444.jpg 768w, https:\/\/oliva.capital\/wp-content\/uploads\/2023\/04\/ccim-1-1536x888.jpg 1536w, https:\/\/oliva.capital\/wp-content\/uploads\/2023\/04\/ccim-1.jpg 1980w\" sizes=\"auto, (max-width: 1024px) 100vw, 1024px\" \/><\/a><\/figure>\n\n\n\n<figure class=\"wp-block-image size-large\"><a href=\"https:\/\/www.facebook.com\/PresentpourNoel\/\"><img loading=\"lazy\" decoding=\"async\" width=\"1024\" height=\"576\" data-id=\"2763\" src=\"https:\/\/oliva.capital\/wp-content\/uploads\/2023\/04\/Logo-present-pour-Noel-rouge-1-1024x576.png\" alt=\"\" class=\"wp-image-2763\" srcset=\"https:\/\/oliva.capital\/wp-content\/uploads\/2023\/04\/Logo-present-pour-Noel-rouge-1-1024x576.png 1024w, https:\/\/oliva.capital\/wp-content\/uploads\/2023\/04\/Logo-present-pour-Noel-rouge-1-300x169.png 300w, https:\/\/oliva.capital\/wp-content\/uploads\/2023\/04\/Logo-present-pour-Noel-rouge-1-768x432.png 768w, https:\/\/oliva.capital\/wp-content\/uploads\/2023\/04\/Logo-present-pour-Noel-rouge-1-1536x864.png 1536w, https:\/\/oliva.capital\/wp-content\/uploads\/2023\/04\/Logo-present-pour-Noel-rouge-1.png 1921w\" sizes=\"auto, (max-width: 1024px) 100vw, 1024px\" \/><\/a><\/figure>\n\n\n\n<figure class=\"wp-block-image size-large\"><a href=\"http:\/\/www.music4cancer.com\"><img loading=\"lazy\" decoding=\"async\" width=\"1024\" height=\"559\" data-id=\"2762\" src=\"https:\/\/oliva.capital\/wp-content\/uploads\/2023\/04\/M4C-1-1024x559.png\" alt=\"\" class=\"wp-image-2762\" srcset=\"https:\/\/oliva.capital\/wp-content\/uploads\/2023\/04\/M4C-1-1024x559.png 1024w, https:\/\/oliva.capital\/wp-content\/uploads\/2023\/04\/M4C-1-300x164.png 300w, https:\/\/oliva.capital\/wp-content\/uploads\/2023\/04\/M4C-1-768x419.png 768w, https:\/\/oliva.capital\/wp-content\/uploads\/2023\/04\/M4C-1-1536x838.png 1536w, https:\/\/oliva.capital\/wp-content\/uploads\/2023\/04\/M4C-1.png 1980w\" sizes=\"auto, (max-width: 1024px) 100vw, 1024px\" \/><\/a><\/figure>\n\n\n\n<figure class=\"wp-block-image size-large\"><a href=\"https:\/\/www.ccitb.ca\"><img loading=\"lazy\" decoding=\"async\" width=\"1024\" height=\"559\" data-id=\"2759\" src=\"https:\/\/oliva.capital\/wp-content\/uploads\/2023\/04\/ccitb-1-1024x559.png\" alt=\"\" class=\"wp-image-2759\" srcset=\"https:\/\/oliva.capital\/wp-content\/uploads\/2023\/04\/ccitb-1-1024x559.png 1024w, https:\/\/oliva.capital\/wp-content\/uploads\/2023\/04\/ccitb-1-300x164.png 300w, https:\/\/oliva.capital\/wp-content\/uploads\/2023\/04\/ccitb-1-768x419.png 768w, https:\/\/oliva.capital\/wp-content\/uploads\/2023\/04\/ccitb-1-1536x838.png 1536w, https:\/\/oliva.capital\/wp-content\/uploads\/2023\/04\/ccitb-1.png 1980w\" sizes=\"auto, (max-width: 1024px) 100vw, 1024px\" \/><\/a><\/figure>\n\n\n\n<figure class=\"wp-block-image size-large\"><a href=\"https:\/\/fondationsablon.com\"><img loading=\"lazy\" decoding=\"async\" width=\"1024\" height=\"559\" data-id=\"2756\" src=\"https:\/\/oliva.capital\/wp-content\/uploads\/2023\/04\/sablon-1024x559.png\" alt=\"\" class=\"wp-image-2756\" srcset=\"https:\/\/oliva.capital\/wp-content\/uploads\/2023\/04\/sablon-1024x559.png 1024w, https:\/\/oliva.capital\/wp-content\/uploads\/2023\/04\/sablon-300x164.png 300w, https:\/\/oliva.capital\/wp-content\/uploads\/2023\/04\/sablon-768x419.png 768w, https:\/\/oliva.capital\/wp-content\/uploads\/2023\/04\/sablon-1536x838.png 1536w, https:\/\/oliva.capital\/wp-content\/uploads\/2023\/04\/sablon.png 1980w\" sizes=\"auto, (max-width: 1024px) 100vw, 1024px\" \/><\/a><\/figure>\n<\/figure>\n<\/div><\/div>\n\n\n\n<div class=\"wp-block-group alignfull\"><div class=\"wp-block-group__inner-container is-layout-constrained wp-block-group-is-layout-constrained\">\n<div class=\"wp-block-group\"><div class=\"wp-block-group__inner-container is-layout-flow wp-block-group-is-layout-flow\">\n<div style=\"height:250px\" aria-hidden=\"true\" class=\"wp-block-spacer\"><\/div>\n<\/div><\/div>\n\n\n\n<h2 class=\"wp-block-heading\">Our investment criteria<mark style=\"background-color:rgba(0, 0, 0, 0)\" class=\"has-inline-color has-color-4-color\">.<\/mark><\/h2>\n\n\n\n<div style=\"height:0px\" aria-hidden=\"true\" class=\"wp-block-spacer\"><\/div>\n\n\n\n<p>Oliva Capital strategically and financially supports companies with recognized expertise in their field to help them maximize their growth. Combined with our operational expertise, we work with our partners to maximize their potential, foster innovation and collaboration, and stimulate their success.<\/p>\n\n\n\n<p>We place a high value on building long-term relationships with our partners and establishing mutually beneficial collaborations that deliver innovative solutions and sustainable results for clients.<\/p>\n\n\n\n<p>While we have a significant interest in the technology and horticulture fields, we are always looking for investment opportunities in other types of industries.<\/p>\n\n\n\n<figure class=\"wp-block-image size-large\"><img loading=\"lazy\" decoding=\"async\" width=\"1024\" height=\"577\" src=\"https:\/\/oliva.capital\/wp-content\/uploads\/2023\/04\/nos-criteres-dinvestissement-3-1024x577.png\" alt=\"\" class=\"wp-image-2711\" srcset=\"https:\/\/oliva.capital\/wp-content\/uploads\/2023\/04\/nos-criteres-dinvestissement-3-1024x577.png 1024w, https:\/\/oliva.capital\/wp-content\/uploads\/2023\/04\/nos-criteres-dinvestissement-3-300x169.png 300w, https:\/\/oliva.capital\/wp-content\/uploads\/2023\/04\/nos-criteres-dinvestissement-3-768x433.png 768w, https:\/\/oliva.capital\/wp-content\/uploads\/2023\/04\/nos-criteres-dinvestissement-3-1536x866.png 1536w, https:\/\/oliva.capital\/wp-content\/uploads\/2023\/04\/nos-criteres-dinvestissement-3-2048x1154.png 2048w\" sizes=\"auto, (max-width: 1024px) 100vw, 1024px\" \/><\/figure>\n\n\n\n<div style=\"height:100px\" aria-hidden=\"true\" class=\"wp-block-spacer\"><\/div>\n<\/div><\/div>\n","protected":false},"excerpt":{"rendered":"<p>About us. Founded by five friends driven by a passion for entrepreneurship and a desire to make a real difference, Oliva Capital took root in inspiring meetings held in a restaurant called Oliva in Merida, Mexico. The Oliva Capital logo features a chameleon, a symbol emblematic of Mexico and representing the company&#8217;s ability to adapt, [&hellip;]<\/p>\n","protected":false},"author":6,"featured_media":0,"parent":0,"menu_order":0,"comment_status":"closed","ping_status":"closed","template":"","meta":{"_acf_changed":false,"footnotes":""},"class_list":["post-2888","page","type-page","status-publish","hentry"],"acf":[],"yoast_head":"<!-- This site is optimized with the Yoast SEO plugin v27.4 - https:\/\/yoast.com\/product\/yoast-seo-wordpress\/ -->\n<title>Oliva Capital - Oliva Capital<\/title>\n<meta name=\"description\" content=\"Nous avons comme objectif de mettre \u00e0 l\u2019avant le savoir-faire qu\u00e9b\u00e9cois et de mettre \u00e0 profit notre expertise afin de r\u00e9aliser le plein potentiel de nos soci\u00e9t\u00e9s en portefeuille.\" \/>\n<meta name=\"robots\" content=\"index, follow, max-snippet:-1, max-image-preview:large, max-video-preview:-1\" \/>\n<link rel=\"canonical\" href=\"https:\/\/oliva.capital\/en\/about\/\" \/>\n<meta property=\"og:locale\" content=\"en_US\" \/>\n<meta property=\"og:type\" content=\"article\" \/>\n<meta property=\"og:title\" content=\"Oliva Capital - Oliva Capital\" \/>\n<meta property=\"og:description\" content=\"Nous avons comme objectif de mettre \u00e0 l\u2019avant le savoir-faire qu\u00e9b\u00e9cois et de mettre \u00e0 profit notre expertise afin de r\u00e9aliser le plein potentiel de nos soci\u00e9t\u00e9s en portefeuille.\" \/>\n<meta property=\"og:url\" content=\"https:\/\/oliva.capital\/en\/about\/\" \/>\n<meta property=\"og:site_name\" content=\"Oliva Capital\" \/>\n<meta property=\"article:modified_time\" content=\"2023-07-27T16:58:03+00:00\" \/>\n<meta property=\"og:image\" content=\"https:\/\/oliva.capital\/wp-content\/uploads\/2021\/09\/Oliva-Capital--1024x819.jpg\" \/>\n<meta name=\"twitter:card\" content=\"summary_large_image\" \/>\n<meta name=\"twitter:label1\" content=\"Est. reading time\" \/>\n\t<meta name=\"twitter:data1\" content=\"4 minutes\" \/>\n<script type=\"application\/ld+json\" class=\"yoast-schema-graph\">{\"@context\":\"https:\\\/\\\/schema.org\",\"@graph\":[{\"@type\":\"WebPage\",\"@id\":\"https:\\\/\\\/oliva.capital\\\/en\\\/about\\\/\",\"url\":\"https:\\\/\\\/oliva.capital\\\/en\\\/about\\\/\",\"name\":\"Oliva Capital - Oliva Capital\",\"isPartOf\":{\"@id\":\"https:\\\/\\\/oliva.capital\\\/#website\"},\"primaryImageOfPage\":{\"@id\":\"https:\\\/\\\/oliva.capital\\\/en\\\/about\\\/#primaryimage\"},\"image\":{\"@id\":\"https:\\\/\\\/oliva.capital\\\/en\\\/about\\\/#primaryimage\"},\"thumbnailUrl\":\"https:\\\/\\\/oliva.capital\\\/wp-content\\\/uploads\\\/2021\\\/09\\\/Oliva-Capital--1024x819.jpg\",\"datePublished\":\"2023-04-20T19:56:12+00:00\",\"dateModified\":\"2023-07-27T16:58:03+00:00\",\"description\":\"Nous avons comme objectif de mettre \u00e0 l\u2019avant le savoir-faire qu\u00e9b\u00e9cois et de mettre \u00e0 profit notre expertise afin de r\u00e9aliser le plein potentiel de nos soci\u00e9t\u00e9s en portefeuille.\",\"breadcrumb\":{\"@id\":\"https:\\\/\\\/oliva.capital\\\/en\\\/about\\\/#breadcrumb\"},\"inLanguage\":\"en-US\",\"potentialAction\":[{\"@type\":\"ReadAction\",\"target\":[\"https:\\\/\\\/oliva.capital\\\/en\\\/about\\\/\"]}]},{\"@type\":\"ImageObject\",\"inLanguage\":\"en-US\",\"@id\":\"https:\\\/\\\/oliva.capital\\\/en\\\/about\\\/#primaryimage\",\"url\":\"https:\\\/\\\/oliva.capital\\\/wp-content\\\/uploads\\\/2021\\\/09\\\/Oliva-Capital--1024x819.jpg\",\"contentUrl\":\"https:\\\/\\\/oliva.capital\\\/wp-content\\\/uploads\\\/2021\\\/09\\\/Oliva-Capital--1024x819.jpg\"},{\"@type\":\"BreadcrumbList\",\"@id\":\"https:\\\/\\\/oliva.capital\\\/en\\\/about\\\/#breadcrumb\",\"itemListElement\":[{\"@type\":\"ListItem\",\"position\":1,\"name\":\"Home\",\"item\":\"https:\\\/\\\/oliva.capital\\\/en\\\/\"},{\"@type\":\"ListItem\",\"position\":2,\"name\":\"Oliva Capital\"}]},{\"@type\":\"WebSite\",\"@id\":\"https:\\\/\\\/oliva.capital\\\/#website\",\"url\":\"https:\\\/\\\/oliva.capital\\\/\",\"name\":\"Oliva Capital\",\"description\":\"\",\"publisher\":{\"@id\":\"https:\\\/\\\/oliva.capital\\\/#organization\"},\"potentialAction\":[{\"@type\":\"SearchAction\",\"target\":{\"@type\":\"EntryPoint\",\"urlTemplate\":\"https:\\\/\\\/oliva.capital\\\/?s={search_term_string}\"},\"query-input\":{\"@type\":\"PropertyValueSpecification\",\"valueRequired\":true,\"valueName\":\"search_term_string\"}}],\"inLanguage\":\"en-US\"},{\"@type\":\"Organization\",\"@id\":\"https:\\\/\\\/oliva.capital\\\/#organization\",\"name\":\"Oliva Capital\",\"url\":\"https:\\\/\\\/oliva.capital\\\/\",\"logo\":{\"@type\":\"ImageObject\",\"inLanguage\":\"en-US\",\"@id\":\"https:\\\/\\\/oliva.capital\\\/#\\\/schema\\\/logo\\\/image\\\/\",\"url\":\"https:\\\/\\\/oliva.capital\\\/wp-content\\\/uploads\\\/2021\\\/02\\\/Fichier-3.png\",\"contentUrl\":\"https:\\\/\\\/oliva.capital\\\/wp-content\\\/uploads\\\/2021\\\/02\\\/Fichier-3.png\",\"width\":572,\"height\":572,\"caption\":\"Oliva Capital\"},\"image\":{\"@id\":\"https:\\\/\\\/oliva.capital\\\/#\\\/schema\\\/logo\\\/image\\\/\"}}]}<\/script>\n<!-- \/ Yoast SEO plugin. -->","yoast_head_json":{"title":"Oliva Capital - Oliva Capital","description":"Nous avons comme objectif de mettre \u00e0 l\u2019avant le savoir-faire qu\u00e9b\u00e9cois et de mettre \u00e0 profit notre expertise afin de r\u00e9aliser le plein potentiel de nos soci\u00e9t\u00e9s en portefeuille.","robots":{"index":"index","follow":"follow","max-snippet":"max-snippet:-1","max-image-preview":"max-image-preview:large","max-video-preview":"max-video-preview:-1"},"canonical":"https:\/\/oliva.capital\/en\/about\/","og_locale":"en_US","og_type":"article","og_title":"Oliva Capital - Oliva Capital","og_description":"Nous avons comme objectif de mettre \u00e0 l\u2019avant le savoir-faire qu\u00e9b\u00e9cois et de mettre \u00e0 profit notre expertise afin de r\u00e9aliser le plein potentiel de nos soci\u00e9t\u00e9s en portefeuille.","og_url":"https:\/\/oliva.capital\/en\/about\/","og_site_name":"Oliva Capital","article_modified_time":"2023-07-27T16:58:03+00:00","og_image":[{"url":"https:\/\/oliva.capital\/wp-content\/uploads\/2021\/09\/Oliva-Capital--1024x819.jpg","type":"","width":"","height":""}],"twitter_card":"summary_large_image","twitter_misc":{"Est. reading time":"4 minutes"},"schema":{"@context":"https:\/\/schema.org","@graph":[{"@type":"WebPage","@id":"https:\/\/oliva.capital\/en\/about\/","url":"https:\/\/oliva.capital\/en\/about\/","name":"Oliva Capital - Oliva Capital","isPartOf":{"@id":"https:\/\/oliva.capital\/#website"},"primaryImageOfPage":{"@id":"https:\/\/oliva.capital\/en\/about\/#primaryimage"},"image":{"@id":"https:\/\/oliva.capital\/en\/about\/#primaryimage"},"thumbnailUrl":"https:\/\/oliva.capital\/wp-content\/uploads\/2021\/09\/Oliva-Capital--1024x819.jpg","datePublished":"2023-04-20T19:56:12+00:00","dateModified":"2023-07-27T16:58:03+00:00","description":"Nous avons comme objectif de mettre \u00e0 l\u2019avant le savoir-faire qu\u00e9b\u00e9cois et de mettre \u00e0 profit notre expertise afin de r\u00e9aliser le plein potentiel de nos soci\u00e9t\u00e9s en portefeuille.","breadcrumb":{"@id":"https:\/\/oliva.capital\/en\/about\/#breadcrumb"},"inLanguage":"en-US","potentialAction":[{"@type":"ReadAction","target":["https:\/\/oliva.capital\/en\/about\/"]}]},{"@type":"ImageObject","inLanguage":"en-US","@id":"https:\/\/oliva.capital\/en\/about\/#primaryimage","url":"https:\/\/oliva.capital\/wp-content\/uploads\/2021\/09\/Oliva-Capital--1024x819.jpg","contentUrl":"https:\/\/oliva.capital\/wp-content\/uploads\/2021\/09\/Oliva-Capital--1024x819.jpg"},{"@type":"BreadcrumbList","@id":"https:\/\/oliva.capital\/en\/about\/#breadcrumb","itemListElement":[{"@type":"ListItem","position":1,"name":"Home","item":"https:\/\/oliva.capital\/en\/"},{"@type":"ListItem","position":2,"name":"Oliva Capital"}]},{"@type":"WebSite","@id":"https:\/\/oliva.capital\/#website","url":"https:\/\/oliva.capital\/","name":"Oliva Capital","description":"","publisher":{"@id":"https:\/\/oliva.capital\/#organization"},"potentialAction":[{"@type":"SearchAction","target":{"@type":"EntryPoint","urlTemplate":"https:\/\/oliva.capital\/?s={search_term_string}"},"query-input":{"@type":"PropertyValueSpecification","valueRequired":true,"valueName":"search_term_string"}}],"inLanguage":"en-US"},{"@type":"Organization","@id":"https:\/\/oliva.capital\/#organization","name":"Oliva Capital","url":"https:\/\/oliva.capital\/","logo":{"@type":"ImageObject","inLanguage":"en-US","@id":"https:\/\/oliva.capital\/#\/schema\/logo\/image\/","url":"https:\/\/oliva.capital\/wp-content\/uploads\/2021\/02\/Fichier-3.png","contentUrl":"https:\/\/oliva.capital\/wp-content\/uploads\/2021\/02\/Fichier-3.png","width":572,"height":572,"caption":"Oliva Capital"},"image":{"@id":"https:\/\/oliva.capital\/#\/schema\/logo\/image\/"}}]}},"_links":{"self":[{"href":"https:\/\/oliva.capital\/en\/wp-json\/wp\/v2\/pages\/2888","targetHints":{"allow":["GET"]}}],"collection":[{"href":"https:\/\/oliva.capital\/en\/wp-json\/wp\/v2\/pages"}],"about":[{"href":"https:\/\/oliva.capital\/en\/wp-json\/wp\/v2\/types\/page"}],"author":[{"embeddable":true,"href":"https:\/\/oliva.capital\/en\/wp-json\/wp\/v2\/users\/6"}],"replies":[{"embeddable":true,"href":"https:\/\/oliva.capital\/en\/wp-json\/wp\/v2\/comments?post=2888"}],"version-history":[{"count":5,"href":"https:\/\/oliva.capital\/en\/wp-json\/wp\/v2\/pages\/2888\/revisions"}],"predecessor-version":[{"id":3225,"href":"https:\/\/oliva.capital\/en\/wp-json\/wp\/v2\/pages\/2888\/revisions\/3225"}],"wp:attachment":[{"href":"https:\/\/oliva.capital\/en\/wp-json\/wp\/v2\/media?parent=2888"}],"curies":[{"name":"wp","href":"https:\/\/api.w.org\/{rel}","templated":true}]}}